{"id":560,"date":"2014-03-05T20:02:20","date_gmt":"2014-03-05T18:02:20","guid":{"rendered":"http:\/\/spordiklubi.zezz.ee\/?page_id=560"},"modified":"2025-09-03T09:50:47","modified_gmt":"2025-09-03T06:50:47","slug":"vorkpall","status":"publish","type":"page","link":"https:\/\/palusalusk.ee\/en\/spordialad\/vorkpall\/","title":{"rendered":"V\u00f5rkpall"},"content":{"rendered":"<div  class='flex_column av-12rvz4-283605ad40f7946386b75915d7df01c5 av_three_fifth  avia-builder-el-0  el_before_av_two_fifth  avia-builder-el-first  first flex_column_div'     ><section  class='av_textblock_section av-ze268-312a9d87e633ee7eebedbf8f4a97d2ce'   itemscope=\"itemscope\" itemtype=\"https:\/\/schema.org\/CreativeWork\" ><div class='avia_textblock'  itemprop=\"text\" ><h2>V\u00f5rkpallist<\/h2>\n<p>1895. aastal leiutas ameeriklasest v\u00f5imlemis\u00f5petaja William Morgan m\u00e4ngu, mille ta ristis mintonette&#8217;iks. Inglased t\u00f5id selle m\u00e4ngu 1914. aastal Euroopasse v\u00f5rkpalli nime all.<\/p>\n<p>Ol\u00fcmpiam\u00e4ngudel oli v\u00f5rkpall esimest korda 1964. aastal Tokyos &#8211; nii meestel kui ka naistel.<\/p>\n<p>V\u00f5rkpall on sportm\u00e4ng, mida \u00a0m\u00e4ngivad kaks v\u00f5istkonda v\u00f5rguga kahte ossa jaotatud platsil, mille m\u00f5\u00f5tmed on 18 x 9 m.<br \/>\nM\u00e4ngu eesm\u00e4rk on saata pall m\u00e4\u00e4rustep\u00e4raselt \u00fcle v\u00f5rgu nii, et see maanduks vastase v\u00e4ljakul, samal ajal peab takistama palli maandumist oma v\u00e4ljakul. Et saata pall vastase v\u00e4ljakule, tohib v\u00f5istkond palli l\u00fc\u00fca (puudutada) kolm korda &#8211; lisaks puutele, mis toimub sulustamisel. P\u00e4rast igat geimi vahetavad v\u00f5istkonnad v\u00e4ljakupooled. Kui \u00fcks v\u00f5istkondadest on otsustavas geimis saavutanud 8 punkti, vahetavad v\u00f5istkonnad v\u00e4ljakupooled. M\u00e4ngijate asetus j\u00e4\u00e4b.<\/p>\n<p>V\u00f5rkpall on j\u00f5ukohane ja h\u00e4id emotsioone pakkuv spordi harrastus nii poistele kui ka t\u00fctarlastele.<\/p>\n<p>Meie spordiklubi v\u00f5rkpalliosakonna treeningud toimuvad Tallinna Humanitaarg\u00fcmnaasiumi v\u00f5imlas kahe kogemustega treeneri juhendamisel.<\/p>\n<\/div><\/section><\/div>\n<div  class='flex_column av-skgco-1823d31f6d44fba3c084f57feecbac32 av_two_fifth  avia-builder-el-2  el_after_av_three_fifth  el_before_av_hr  flex_column_div'     ><style type=\"text\/css\" data-created_by=\"avia_inline_auto\" id=\"style-css-av-ih3c0-98cc9d926338a6e6d80ad530099b50e0\">\n.avia-image-container.av-ih3c0-98cc9d926338a6e6d80ad530099b50e0 img.avia_image{\nbox-shadow:none;\n}\n.avia-image-container.av-ih3c0-98cc9d926338a6e6d80ad530099b50e0 .av-image-caption-overlay-center{\ncolor:#ffffff;\n}\n<\/style>\n<div  class='avia-image-container av-ih3c0-98cc9d926338a6e6d80ad530099b50e0 av-styling- avia_animated_image av-animated-when-visible-95 pop-up avia-align-center  avia-builder-el-3  avia-builder-el-no-sibling'   itemprop=\"image\" itemscope=\"itemscope\" itemtype=\"https:\/\/schema.org\/ImageObject\" ><div class=\"avia-image-container-inner\"><div class=\"avia-image-overlay-wrap\"><img decoding=\"async\" width=\"495\" height=\"400\" fetchpriority=\"high\" class='wp-image-3088 avia-img-lazy-loading-not-3088 avia_image' src=\"https:\/\/palusalusk.ee\/wp-content\/uploads\/2014\/03\/girls-volleyball-shorts-495x400.jpg\" alt='' title='girls-volleyball-shorts'   itemprop=\"thumbnailUrl\"  \/><\/div><\/div><\/div><\/div>\n\n<style type=\"text\/css\" data-created_by=\"avia_inline_auto\" id=\"style-css-av-eboh4-53b43743e84cb05ee12f515c4351df66\">\n#top .hr.hr-invisible.av-eboh4-53b43743e84cb05ee12f515c4351df66{\nheight:50px;\n}\n<\/style>\n<div  class='hr av-eboh4-53b43743e84cb05ee12f515c4351df66 hr-invisible  avia-builder-el-4  el_after_av_two_fifth  el_before_av_promobox'><span class='hr-inner'><span class=\"hr-inner-style\"><\/span><\/span><\/div>\n<div  class='av_promobox av-a5lp4-1758572d91ed11045055a6cc0f474e94 avia-button-yes  avia-builder-el-5  el_after_av_hr  avia-builder-el-last'><div class='avia-promocontent'><\/p>\n<h3>Sellel hooajal v\u00f5rkpalli treeningutele vastuv\u00f5ttu ei toimu.<\/h3>\n<p>\n<\/div><div  class='avia-button-wrap av-a5lp4-8ab4dd5c011797e5d88ea85e4acc0eb0-wrap avia-button-right'><a href='https:\/\/palusalusk.ee\/en\/spordiklubi-liitumise-avaldus\/'  class='avia-button av-a5lp4-8ab4dd5c011797e5d88ea85e4acc0eb0 av-link-btn avia-icon_select-yes-left-icon avia-size-large avia-position-right avia-color-theme-color'   aria-label=\"TULE TRENNI\"><span class='avia_button_icon avia_button_icon_left avia-iconfont avia-font-entypo-fontello' data-av_icon='\ue881' data-av_iconfont='entypo-fontello' ><\/span><span class='avia_iconbox_title' >TULE TRENNI<\/span><\/a><\/div><\/div>\n<input class=\"fooboxshare_post_id\" type=\"hidden\" value=\"560\"\/>","protected":false},"excerpt":{"rendered":"","protected":false},"author":1,"featured_media":0,"parent":187,"menu_order":0,"comment_status":"closed","ping_status":"closed","template":"","meta":{"footnotes":""},"class_list":["post-560","page","type-page","status-publish","hentry"],"yoast_head":"<!-- This site is optimized with the Yoast SEO plugin v27.4 - https:\/\/yoast.com\/product\/yoast-seo-wordpress\/ -->\n<title>V\u00f5rkpall - Kristjan Palusalu Spordiklubi<\/title>\n<meta name=\"robots\" content=\"index, follow, max-snippet:-1, max-image-preview:large, max-video-preview:-1\" \/>\n<link rel=\"canonical\" href=\"https:\/\/palusalusk.ee\/en\/spordialad\/vorkpall\/\" \/>\n<meta property=\"og:locale\" content=\"en_US\" \/>\n<meta property=\"og:type\" content=\"article\" \/>\n<meta property=\"og:title\" content=\"V\u00f5rkpall - Kristjan Palusalu Spordiklubi\" \/>\n<meta property=\"og:url\" content=\"https:\/\/palusalusk.ee\/en\/spordialad\/vorkpall\/\" \/>\n<meta property=\"og:site_name\" content=\"Kristjan Palusalu Spordiklubi\" \/>\n<meta property=\"article:modified_time\" content=\"2025-09-03T06:50:47+00:00\" \/>\n<meta property=\"og:image\" content=\"https:\/\/palusalusk.ee\/wp-content\/uploads\/2020\/08\/Palusalu_SK_uus-Suur-V\u00e4lireklaam.jpg\" \/>\n\t<meta property=\"og:image:width\" content=\"1299\" \/>\n\t<meta property=\"og:image:height\" content=\"651\" \/>\n\t<meta property=\"og:image:type\" content=\"image\/jpeg\" \/>\n<meta name=\"twitter:label1\" content=\"Est. reading time\" \/>\n\t<meta name=\"twitter:data1\" content=\"2 minutes\" \/>\n<script type=\"application\/ld+json\" class=\"yoast-schema-graph\">{\"@context\":\"https:\\\/\\\/schema.org\",\"@graph\":[{\"@type\":\"WebPage\",\"@id\":\"https:\\\/\\\/palusalusk.ee\\\/spordialad\\\/vorkpall\\\/\",\"url\":\"https:\\\/\\\/palusalusk.ee\\\/spordialad\\\/vorkpall\\\/\",\"name\":\"V\u00f5rkpall - Kristjan Palusalu Spordiklubi\",\"isPartOf\":{\"@id\":\"https:\\\/\\\/palusalusk.ee\\\/#website\"},\"datePublished\":\"2014-03-05T18:02:20+00:00\",\"dateModified\":\"2025-09-03T06:50:47+00:00\",\"breadcrumb\":{\"@id\":\"https:\\\/\\\/palusalusk.ee\\\/spordialad\\\/vorkpall\\\/#breadcrumb\"},\"inLanguage\":\"en-US\",\"potentialAction\":[{\"@type\":\"ReadAction\",\"target\":[\"https:\\\/\\\/palusalusk.ee\\\/spordialad\\\/vorkpall\\\/\"]}]},{\"@type\":\"BreadcrumbList\",\"@id\":\"https:\\\/\\\/palusalusk.ee\\\/spordialad\\\/vorkpall\\\/#breadcrumb\",\"itemListElement\":[{\"@type\":\"ListItem\",\"position\":1,\"name\":\"Home\",\"item\":\"https:\\\/\\\/palusalusk.ee\\\/avaleht\\\/\"},{\"@type\":\"ListItem\",\"position\":2,\"name\":\"Spordialad\",\"item\":\"https:\\\/\\\/palusalusk.ee\\\/spordialad\\\/\"},{\"@type\":\"ListItem\",\"position\":3,\"name\":\"V\u00f5rkpall\"}]},{\"@type\":\"WebSite\",\"@id\":\"https:\\\/\\\/palusalusk.ee\\\/#website\",\"url\":\"https:\\\/\\\/palusalusk.ee\\\/\",\"name\":\"Kristjan Palusalu Spordiklubi\",\"description\":\"J\u00e4rjekordne WordPressi veebileht\",\"potentialAction\":[{\"@type\":\"SearchAction\",\"target\":{\"@type\":\"EntryPoint\",\"urlTemplate\":\"https:\\\/\\\/palusalusk.ee\\\/?s={search_term_string}\"},\"query-input\":{\"@type\":\"PropertyValueSpecification\",\"valueRequired\":true,\"valueName\":\"search_term_string\"}}],\"inLanguage\":\"en-US\"}]}<\/script>\n<!-- \/ Yoast SEO plugin. -->","yoast_head_json":{"title":"V\u00f5rkpall - Kristjan Palusalu Spordiklubi","robots":{"index":"index","follow":"follow","max-snippet":"max-snippet:-1","max-image-preview":"max-image-preview:large","max-video-preview":"max-video-preview:-1"},"canonical":"https:\/\/palusalusk.ee\/en\/spordialad\/vorkpall\/","og_locale":"en_US","og_type":"article","og_title":"V\u00f5rkpall - Kristjan Palusalu Spordiklubi","og_url":"https:\/\/palusalusk.ee\/en\/spordialad\/vorkpall\/","og_site_name":"Kristjan Palusalu Spordiklubi","article_modified_time":"2025-09-03T06:50:47+00:00","og_image":[{"width":1299,"height":651,"url":"https:\/\/palusalusk.ee\/wp-content\/uploads\/2020\/08\/Palusalu_SK_uus-Suur-V\u00e4lireklaam.jpg","type":"image\/jpeg"}],"twitter_misc":{"Est. reading time":"2 minutes"},"schema":{"@context":"https:\/\/schema.org","@graph":[{"@type":"WebPage","@id":"https:\/\/palusalusk.ee\/spordialad\/vorkpall\/","url":"https:\/\/palusalusk.ee\/spordialad\/vorkpall\/","name":"V\u00f5rkpall - Kristjan Palusalu Spordiklubi","isPartOf":{"@id":"https:\/\/palusalusk.ee\/#website"},"datePublished":"2014-03-05T18:02:20+00:00","dateModified":"2025-09-03T06:50:47+00:00","breadcrumb":{"@id":"https:\/\/palusalusk.ee\/spordialad\/vorkpall\/#breadcrumb"},"inLanguage":"en-US","potentialAction":[{"@type":"ReadAction","target":["https:\/\/palusalusk.ee\/spordialad\/vorkpall\/"]}]},{"@type":"BreadcrumbList","@id":"https:\/\/palusalusk.ee\/spordialad\/vorkpall\/#breadcrumb","itemListElement":[{"@type":"ListItem","position":1,"name":"Home","item":"https:\/\/palusalusk.ee\/avaleht\/"},{"@type":"ListItem","position":2,"name":"Spordialad","item":"https:\/\/palusalusk.ee\/spordialad\/"},{"@type":"ListItem","position":3,"name":"V\u00f5rkpall"}]},{"@type":"WebSite","@id":"https:\/\/palusalusk.ee\/#website","url":"https:\/\/palusalusk.ee\/","name":"Kristjan Palusalu Spordiklubi","description":"J\u00e4rjekordne WordPressi veebileht","potentialAction":[{"@type":"SearchAction","target":{"@type":"EntryPoint","urlTemplate":"https:\/\/palusalusk.ee\/?s={search_term_string}"},"query-input":{"@type":"PropertyValueSpecification","valueRequired":true,"valueName":"search_term_string"}}],"inLanguage":"en-US"}]}},"_links":{"self":[{"href":"https:\/\/palusalusk.ee\/en\/wp-json\/wp\/v2\/pages\/560","targetHints":{"allow":["GET"]}}],"collection":[{"href":"https:\/\/palusalusk.ee\/en\/wp-json\/wp\/v2\/pages"}],"about":[{"href":"https:\/\/palusalusk.ee\/en\/wp-json\/wp\/v2\/types\/page"}],"author":[{"embeddable":true,"href":"https:\/\/palusalusk.ee\/en\/wp-json\/wp\/v2\/users\/1"}],"replies":[{"embeddable":true,"href":"https:\/\/palusalusk.ee\/en\/wp-json\/wp\/v2\/comments?post=560"}],"version-history":[{"count":10,"href":"https:\/\/palusalusk.ee\/en\/wp-json\/wp\/v2\/pages\/560\/revisions"}],"predecessor-version":[{"id":3392,"href":"https:\/\/palusalusk.ee\/en\/wp-json\/wp\/v2\/pages\/560\/revisions\/3392"}],"up":[{"embeddable":true,"href":"https:\/\/palusalusk.ee\/en\/wp-json\/wp\/v2\/pages\/187"}],"wp:attachment":[{"href":"https:\/\/palusalusk.ee\/en\/wp-json\/wp\/v2\/media?parent=560"}],"curies":[{"name":"wp","href":"https:\/\/api.w.org\/{rel}","templated":true}]}}