{"id":558,"date":"2014-03-05T20:02:06","date_gmt":"2014-03-05T18:02:06","guid":{"rendered":"http:\/\/spordiklubi.zezz.ee\/?page_id=558"},"modified":"2023-02-18T16:36:14","modified_gmt":"2023-02-18T14:36:14","slug":"voimlemine","status":"publish","type":"page","link":"https:\/\/palusalusk.ee\/en\/spordialad\/voimlemine\/","title":{"rendered":"V\u00f5imlemine"},"content":{"rendered":"<div  class='flex_column av-3bv7ni-32545fccc1139d8657c69af6a04b34f4 av_three_fifth  avia-builder-el-0  el_before_av_two_fifth  avia-builder-el-first  first flex_column_div'     ><section  class='av_textblock_section av-164mu-3b4a59fa151597258ce7412a4f7066b3'   itemscope=\"itemscope\" itemtype=\"https:\/\/schema.org\/CreativeWork\" ><div class='avia_textblock'  itemprop=\"text\" ><h2>Iluv\u00f5imlemine<\/h2>\n<p><strong>Iluv\u00f5imlemine<\/strong> on spordiala, kus elegantsus ja liigutuste t\u00e4psus on valatud justkui kunstiteosesse. See on spordiala, millega reeglina tegelevad ainult naised.Iluv\u00f5imlemine sai alguse Saksamaalt 1920. aastal &#8211;\u00a0 algul vabav\u00f5imlemisena, kuid j\u00e4rk-j\u00e4rgult v\u00f5eti kasutusele ka v\u00f5imlemisvahendid, milleks olid\u00a0 pall, kurikad, h\u00fcpits ja tamburiin.<\/p>\n<p><strong>Iluv\u00f5imlemine<\/strong> on <a href=\"http:\/\/et.wikipedia.org\/w\/index.php?title=Spordiala&amp;action=edit&amp;redlink=1\">spordiala<\/a>, mida harrastatakse kas individuaalselt, 5-liikmelistes gruppides v\u00f5i suuremates gruppides vabakava puhul. K\u00e4sitletakse erinevaid vahendeid: kurikaid, r\u00f5ngaid, palle, linte ja h\u00fcpitsaid. Tehakse ka vabakavu ehk ilma vahendideta. Individuaalsed v\u00f5imlejad k\u00e4sitlevad korraga ainult \u00fchte vahendit, kuid grupi puhul on korraga lubatud kasutada vaid kahte erinevat vahendit \u00fche kava jooksul. Samas v\u00f5ib v\u00f5imleja vahendeid teiste liikmetega kava jooksul vahetada. Seet\u00f5ttu saab v\u00f5imleja kava jooksul kasutada kuni kahte erinevat vahendit. Iluv\u00f5imlemine on sport, mis kombineerib endas nii balletti elemente, v\u00f5imlemist, tantsu kui ka vahendite oskuslikku k\u00e4sitlemist. V\u00f5itjaks osutub see v\u00f5imleja, kes teenib m\u00e4\u00e4ratud \u017e\u00fcrii poolt k\u00f5ige enam punkte. Z\u00fcrii hindab v\u00e4ga erinevaid komponente, milleks on: h\u00fcpped, tasakaalud, p\u00f6\u00f6rded, painduvus, vahendite k\u00e4sitlus, kava teostus ja artistlikkus.<\/p>\n<\/div><\/section><\/div>\n<div  class='flex_column av-30avzy-218cc957f82f21924dc3d70ef48b2e31 av_two_fifth  avia-builder-el-2  el_after_av_three_fifth  el_before_av_hr  flex_column_div'     ><style type=\"text\/css\" data-created_by=\"avia_inline_auto\" id=\"style-css-av-2xwlim-c8395c0bacceef5f88c6449901bd86f2\">\n.avia-image-container.av-2xwlim-c8395c0bacceef5f88c6449901bd86f2 img.avia_image{\nbox-shadow:none;\n}\n.avia-image-container.av-2xwlim-c8395c0bacceef5f88c6449901bd86f2 .av-image-caption-overlay-center{\ncolor:#ffffff;\n}\n<\/style>\n<div  class='avia-image-container av-2xwlim-c8395c0bacceef5f88c6449901bd86f2 av-styling- avia_animated_image av-animated-when-visible-95 pop-up avia-align-center  avia-builder-el-3  avia-builder-el-no-sibling'   itemprop=\"image\" itemscope=\"itemscope\" itemtype=\"https:\/\/schema.org\/ImageObject\" ><div class=\"avia-image-container-inner\"><div class=\"avia-image-overlay-wrap\"><img decoding=\"async\" width=\"495\" height=\"400\" fetchpriority=\"high\" class='wp-image-3277 avia-img-lazy-loading-not-3277 avia_image' src=\"https:\/\/palusalusk.ee\/wp-content\/uploads\/2014\/03\/iluvoimleminethumb2-495x400.jpg\" alt='' title='iluvoimleminethumb'   itemprop=\"thumbnailUrl\"  \/><\/div><\/div><\/div><\/div>\n\n<style type=\"text\/css\" data-created_by=\"avia_inline_auto\" id=\"style-css-av-2qmjvi-b8e681dafd55e816da071b6d8f123287\">\n#top .hr.hr-invisible.av-2qmjvi-b8e681dafd55e816da071b6d8f123287{\nheight:50px;\n}\n<\/style>\n<div  class='hr av-2qmjvi-b8e681dafd55e816da071b6d8f123287 hr-invisible  avia-builder-el-4  el_after_av_two_fifth  el_before_av_two_fifth'><span class='hr-inner'><span class=\"hr-inner-style\"><\/span><\/span><\/div>\n<div  class='flex_column av-2ju26e-7030589f0500acf201e428531003d88c av_two_fifth  avia-builder-el-5  el_after_av_hr  el_before_av_three_fifth  first flex_column_div'     ><style type=\"text\/css\" data-created_by=\"avia_inline_auto\" id=\"style-css-av-2ec23a-95831d84e3f0e68ea42775e4e21dfdf5\">\n.avia-image-container.av-2ec23a-95831d84e3f0e68ea42775e4e21dfdf5 img.avia_image{\nbox-shadow:none;\n}\n.avia-image-container.av-2ec23a-95831d84e3f0e68ea42775e4e21dfdf5 .av-image-caption-overlay-center{\ncolor:#ffffff;\n}\n<\/style>\n<div  class='avia-image-container av-2ec23a-95831d84e3f0e68ea42775e4e21dfdf5 av-styling- avia_animated_image av-animated-when-visible-95 pop-up avia-align-center  avia-builder-el-6  avia-builder-el-no-sibling'   itemprop=\"image\" itemscope=\"itemscope\" itemtype=\"https:\/\/schema.org\/ImageObject\" ><div class=\"avia-image-container-inner\"><div class=\"avia-image-overlay-wrap\"><img decoding=\"async\" width=\"495\" height=\"350\" fetchpriority=\"high\" class='wp-image-3273 avia-img-lazy-loading-not-3273 avia_image' src=\"https:\/\/palusalusk.ee\/wp-content\/uploads\/2014\/07\/iluvoimlemine2-495x350.jpg\" alt='' title='iluvoimlemine'   itemprop=\"thumbnailUrl\"  \/><\/div><\/div><\/div><\/div>\n<div  class='flex_column av-2ari06-040a078d684c7f6565979e261eeee5da av_three_fifth  avia-builder-el-7  el_after_av_two_fifth  el_before_av_hr  flex_column_div'     ><section  class='av_textblock_section av-22ua9a-9384202c6204a4b8eee8c151f2b91f45'   itemscope=\"itemscope\" itemtype=\"https:\/\/schema.org\/CreativeWork\" ><div class='avia_textblock'  itemprop=\"text\" ><p>Iluv\u00f5imlemine \u00fchendab balleti, akrobaatilisi elemente ja ala spetsiifilisi tehnilisi elemente, mis sooritatakse v\u00f5imalikult sujuvalt ja graatsiliselt muusika taustal, koos erinevate vahendite (h\u00fcpits, r\u00f5ngas, kurikad, pall, lint) k\u00e4sitsemisega. Iluv\u00f5imlemine on kujunenud \u00fcheks levinumaks ja populaarsemaks spordialaks, mis on ka ol\u00fcmpiam\u00e4ngude kavas. 1951. Aastal loodi nn modernse v\u00f5imlemise rahvusvaheline f\u00f6deratsioon, 1963. Aastal toimusid Budapestis esimesed iluv\u00f5imlemise MM-v\u00f5istlused ja 1973. Aastast sai iluv\u00f5imlemisest FIG-i ala, mis 1984. Aastal j\u00f5udis ol\u00fcmpiam\u00e4ngude programmi.<\/p>\n<\/div><\/section><\/div>\n\n<style type=\"text\/css\" data-created_by=\"avia_inline_auto\" id=\"style-css-av-1v8yr2-9213f9aa585e9fa9b606463f2278ad81\">\n#top .hr.hr-invisible.av-1v8yr2-9213f9aa585e9fa9b606463f2278ad81{\nheight:50px;\n}\n<\/style>\n<div  class='hr av-1v8yr2-9213f9aa585e9fa9b606463f2278ad81 hr-invisible  avia-builder-el-9  el_after_av_three_fifth  el_before_av_three_fifth'><span class='hr-inner'><span class=\"hr-inner-style\"><\/span><\/span><\/div>\n<div  class='flex_column av-1ryiv2-ac7e2b54299c83a8cd138cf7c3bc74e5 av_three_fifth  avia-builder-el-10  el_after_av_hr  el_before_av_two_fifth  first flex_column_div'     ><section  class='av_textblock_section av-1l0vza-1c8c57e6628e8fc11063cddf5934c1ed'   itemscope=\"itemscope\" itemtype=\"https:\/\/schema.org\/CreativeWork\" ><div class='avia_textblock'  itemprop=\"text\" ><p>Iluv\u00f5imlemine on spordiala, kus v\u00f5istlevad enamjaolt ainult naised, erandiks on Jaapan ja m\u00f5ned muud maad, kus v\u00f5istlevad ka mehed.<br \/>\nKavade koreograafia sooritatakse muusikapala saatel, mis koosneb \u00fchest v\u00f5i mitmest instrumendist.<br \/>\nKava ajal peab v\u00f5imleja hoidma vahendid pidevas liikumises, sooritades erineva tasapinna, suuna, trajektoori ja amplituudiga liigutusi. Vahendit\u00f6\u00f6 peab olema v\u00f5imalikult vaheldusrikas ja v\u00f5imleja ei tohi vahendit kasutada kaunistusena, kava ajal peab olema pidev seos v\u00f5imleja ja vahendi vahel.<\/p>\n<\/div><\/section><\/div>\n<div  class='flex_column av-1cofme-0c8444b14248dfb54892dfc898dcab69 av_two_fifth  avia-builder-el-12  el_after_av_three_fifth  el_before_av_hr  flex_column_div'     ><style type=\"text\/css\" data-created_by=\"avia_inline_auto\" id=\"style-css-av-19dlue-79971534b168926c14077b4332ad2596\">\n.avia-image-container.av-19dlue-79971534b168926c14077b4332ad2596 img.avia_image{\nbox-shadow:none;\n}\n.avia-image-container.av-19dlue-79971534b168926c14077b4332ad2596 .av-image-caption-overlay-center{\ncolor:#ffffff;\n}\n<\/style>\n<div  class='avia-image-container av-19dlue-79971534b168926c14077b4332ad2596 av-styling- avia_animated_image av-animated-when-visible-95 pop-up avia-align-center  avia-builder-el-13  avia-builder-el-no-sibling'   itemprop=\"image\" itemscope=\"itemscope\" itemtype=\"https:\/\/schema.org\/ImageObject\" ><div class=\"avia-image-container-inner\"><div class=\"avia-image-overlay-wrap\"><img decoding=\"async\" width=\"495\" height=\"350\" fetchpriority=\"high\" class='wp-image-3272 avia-img-lazy-loading-not-3272 avia_image' src=\"https:\/\/palusalusk.ee\/wp-content\/uploads\/2014\/07\/iluvoimlemine-495x350.jpg\" alt='' title='iluvoimlemine'   itemprop=\"thumbnailUrl\"  \/><\/div><\/div><\/div><\/div>\n\n<style type=\"text\/css\" data-created_by=\"avia_inline_auto\" id=\"style-css-av-157efq-f3654b5428aecda2db324c6f60844122\">\n#top .hr.hr-invisible.av-157efq-f3654b5428aecda2db324c6f60844122{\nheight:50px;\n}\n<\/style>\n<div  class='hr av-157efq-f3654b5428aecda2db324c6f60844122 hr-invisible  avia-builder-el-14  el_after_av_two_fifth  el_before_av_two_fifth'><span class='hr-inner'><span class=\"hr-inner-style\"><\/span><\/span><\/div>\n<div  class='flex_column av-v24qu-1b70d4228433fddcab6afed070045ca2 av_two_fifth  avia-builder-el-15  el_after_av_hr  el_before_av_three_fifth  first flex_column_div'     ><style type=\"text\/css\" data-created_by=\"avia_inline_auto\" id=\"style-css-av-qhfqe-d5afb938b9966edbbeec90a6e2c29180\">\n.avia-image-container.av-qhfqe-d5afb938b9966edbbeec90a6e2c29180 img.avia_image{\nbox-shadow:none;\n}\n.avia-image-container.av-qhfqe-d5afb938b9966edbbeec90a6e2c29180 .av-image-caption-overlay-center{\ncolor:#ffffff;\n}\n<\/style>\n<div  class='avia-image-container av-qhfqe-d5afb938b9966edbbeec90a6e2c29180 av-styling- avia_animated_image av-animated-when-visible-95 pop-up avia-align-center  avia-builder-el-16  avia-builder-el-no-sibling'   itemprop=\"image\" itemscope=\"itemscope\" itemtype=\"https:\/\/schema.org\/ImageObject\" ><div class=\"avia-image-container-inner\"><div class=\"avia-image-overlay-wrap\"><img decoding=\"async\" width=\"495\" height=\"350\" fetchpriority=\"high\" class='wp-image-3274 avia-img-lazy-loading-not-3274 avia_image' src=\"https:\/\/palusalusk.ee\/wp-content\/uploads\/2014\/07\/iluvoimlemine3-495x350.jpg\" alt='' title='iluvoimlemine3'   itemprop=\"thumbnailUrl\"  \/><\/div><\/div><\/div><\/div>\n<div  class='flex_column av-jsjny-87863f69c82b2808655587c7e48afed0 av_three_fifth  avia-builder-el-17  el_after_av_two_fifth  el_before_av_promobox  flex_column_div'     ><section  class='av_textblock_section av-1c5ge-df14e7460453d29e8899655cabd8fb2c'   itemscope=\"itemscope\" itemtype=\"https:\/\/schema.org\/CreativeWork\" ><div class='avia_textblock'  itemprop=\"text\" ><p>Iluv\u00f5imlemine aitab lapsel \u00f5ppida kehatunnetust, kontrolli oma keha \u00fcle. Aitab arendada r\u00fctmitunnet, tasakaalu ja koordinatsiooni. K\u00f5ige paremini areneb koordinatsioon 7\u201311aastastel, koordinatsiooni areng aeglustub 12 eluaastast. Nii on ideaalne iluv\u00f5imlemisega algust teha 5-6aastaselt. 7-8 on viimane piir selle alaga alustamiseks neile, kes tahavad teha v\u00f5istlussporti. Lapses arendatakse treeningute k\u00e4igus \u00fchtaegu koordinatsiooni, r\u00fctmitunnetust, kiirust, j\u00f5udu, osavust ja painduvust- need on omadused, mille v\u00f5imekusest s\u00f5ltub palju, kui mitte k\u00f5ik. Suurt rolli m\u00e4ngib selle ala juures sportlase t\u00f6\u00f6kus.<\/p>\n<\/div><\/section><\/div>\n<div  class='av_promobox av-7mcz2-ac363e9884e4d1e3a2b8f75964c1d91f avia-button-yes  avia-builder-el-19  el_after_av_three_fifth  avia-builder-el-last'><div class='avia-promocontent'><\/p>\n<h3>Sellel hooajal V\u00f5imlemistreeningutele vastuv\u00f5ttu ei toimu.<\/h3>\n<p>\n<\/div><div  class='avia-button-wrap av-7mcz2-d91a5eb88a7c46e02aa70163de6e84c0-wrap avia-button-right'><a href='https:\/\/palusalusk.ee\/en\/spordiklubi-liitumise-avaldus\/'  class='avia-button av-7mcz2-d91a5eb88a7c46e02aa70163de6e84c0 av-link-btn avia-icon_select-yes-left-icon avia-size-large avia-position-right avia-color-theme-color'   aria-label=\"Tule trenni\"><span class='avia_button_icon avia_button_icon_left avia-iconfont avia-font-entypo-fontello' data-av_icon='\ue881' data-av_iconfont='entypo-fontello' ><\/span><span class='avia_iconbox_title' >Tule trenni<\/span><\/a><\/div><\/div>\n<input class=\"fooboxshare_post_id\" type=\"hidden\" value=\"558\"\/>","protected":false},"excerpt":{"rendered":"","protected":false},"author":1,"featured_media":0,"parent":187,"menu_order":0,"comment_status":"closed","ping_status":"closed","template":"","meta":{"footnotes":""},"class_list":["post-558","page","type-page","status-publish","hentry"],"yoast_head":"<!-- This site is optimized with the Yoast SEO plugin v27.4 - https:\/\/yoast.com\/product\/yoast-seo-wordpress\/ -->\n<title>V\u00f5imlemine - Kristjan Palusalu Spordiklubi<\/title>\n<meta name=\"robots\" content=\"index, follow, max-snippet:-1, max-image-preview:large, max-video-preview:-1\" \/>\n<link rel=\"canonical\" href=\"https:\/\/palusalusk.ee\/en\/spordialad\/voimlemine\/\" \/>\n<meta property=\"og:locale\" content=\"en_US\" \/>\n<meta property=\"og:type\" content=\"article\" \/>\n<meta property=\"og:title\" content=\"V\u00f5imlemine - Kristjan Palusalu Spordiklubi\" \/>\n<meta property=\"og:url\" content=\"https:\/\/palusalusk.ee\/en\/spordialad\/voimlemine\/\" \/>\n<meta property=\"og:site_name\" content=\"Kristjan Palusalu Spordiklubi\" \/>\n<meta property=\"article:modified_time\" content=\"2023-02-18T14:36:14+00:00\" \/>\n<meta property=\"og:image\" content=\"https:\/\/palusalusk.ee\/wp-content\/uploads\/2020\/08\/Palusalu_SK_uus-Suur-V\u00e4lireklaam.jpg\" \/>\n\t<meta property=\"og:image:width\" content=\"1299\" \/>\n\t<meta property=\"og:image:height\" content=\"651\" \/>\n\t<meta property=\"og:image:type\" content=\"image\/jpeg\" \/>\n<meta name=\"twitter:label1\" content=\"Est. reading time\" \/>\n\t<meta name=\"twitter:data1\" content=\"3 minutes\" \/>\n<script type=\"application\/ld+json\" class=\"yoast-schema-graph\">{\"@context\":\"https:\\\/\\\/schema.org\",\"@graph\":[{\"@type\":\"WebPage\",\"@id\":\"https:\\\/\\\/palusalusk.ee\\\/spordialad\\\/voimlemine\\\/\",\"url\":\"https:\\\/\\\/palusalusk.ee\\\/spordialad\\\/voimlemine\\\/\",\"name\":\"V\u00f5imlemine - Kristjan Palusalu Spordiklubi\",\"isPartOf\":{\"@id\":\"https:\\\/\\\/palusalusk.ee\\\/#website\"},\"datePublished\":\"2014-03-05T18:02:06+00:00\",\"dateModified\":\"2023-02-18T14:36:14+00:00\",\"breadcrumb\":{\"@id\":\"https:\\\/\\\/palusalusk.ee\\\/spordialad\\\/voimlemine\\\/#breadcrumb\"},\"inLanguage\":\"en-US\",\"potentialAction\":[{\"@type\":\"ReadAction\",\"target\":[\"https:\\\/\\\/palusalusk.ee\\\/spordialad\\\/voimlemine\\\/\"]}]},{\"@type\":\"BreadcrumbList\",\"@id\":\"https:\\\/\\\/palusalusk.ee\\\/spordialad\\\/voimlemine\\\/#breadcrumb\",\"itemListElement\":[{\"@type\":\"ListItem\",\"position\":1,\"name\":\"Home\",\"item\":\"https:\\\/\\\/palusalusk.ee\\\/avaleht\\\/\"},{\"@type\":\"ListItem\",\"position\":2,\"name\":\"Spordialad\",\"item\":\"https:\\\/\\\/palusalusk.ee\\\/spordialad\\\/\"},{\"@type\":\"ListItem\",\"position\":3,\"name\":\"V\u00f5imlemine\"}]},{\"@type\":\"WebSite\",\"@id\":\"https:\\\/\\\/palusalusk.ee\\\/#website\",\"url\":\"https:\\\/\\\/palusalusk.ee\\\/\",\"name\":\"Kristjan Palusalu Spordiklubi\",\"description\":\"J\u00e4rjekordne WordPressi veebileht\",\"potentialAction\":[{\"@type\":\"SearchAction\",\"target\":{\"@type\":\"EntryPoint\",\"urlTemplate\":\"https:\\\/\\\/palusalusk.ee\\\/?s={search_term_string}\"},\"query-input\":{\"@type\":\"PropertyValueSpecification\",\"valueRequired\":true,\"valueName\":\"search_term_string\"}}],\"inLanguage\":\"en-US\"}]}<\/script>\n<!-- \/ Yoast SEO plugin. -->","yoast_head_json":{"title":"V\u00f5imlemine - Kristjan Palusalu Spordiklubi","robots":{"index":"index","follow":"follow","max-snippet":"max-snippet:-1","max-image-preview":"max-image-preview:large","max-video-preview":"max-video-preview:-1"},"canonical":"https:\/\/palusalusk.ee\/en\/spordialad\/voimlemine\/","og_locale":"en_US","og_type":"article","og_title":"V\u00f5imlemine - Kristjan Palusalu Spordiklubi","og_url":"https:\/\/palusalusk.ee\/en\/spordialad\/voimlemine\/","og_site_name":"Kristjan Palusalu Spordiklubi","article_modified_time":"2023-02-18T14:36:14+00:00","og_image":[{"width":1299,"height":651,"url":"https:\/\/palusalusk.ee\/wp-content\/uploads\/2020\/08\/Palusalu_SK_uus-Suur-V\u00e4lireklaam.jpg","type":"image\/jpeg"}],"twitter_misc":{"Est. reading time":"3 minutes"},"schema":{"@context":"https:\/\/schema.org","@graph":[{"@type":"WebPage","@id":"https:\/\/palusalusk.ee\/spordialad\/voimlemine\/","url":"https:\/\/palusalusk.ee\/spordialad\/voimlemine\/","name":"V\u00f5imlemine - Kristjan Palusalu Spordiklubi","isPartOf":{"@id":"https:\/\/palusalusk.ee\/#website"},"datePublished":"2014-03-05T18:02:06+00:00","dateModified":"2023-02-18T14:36:14+00:00","breadcrumb":{"@id":"https:\/\/palusalusk.ee\/spordialad\/voimlemine\/#breadcrumb"},"inLanguage":"en-US","potentialAction":[{"@type":"ReadAction","target":["https:\/\/palusalusk.ee\/spordialad\/voimlemine\/"]}]},{"@type":"BreadcrumbList","@id":"https:\/\/palusalusk.ee\/spordialad\/voimlemine\/#breadcrumb","itemListElement":[{"@type":"ListItem","position":1,"name":"Home","item":"https:\/\/palusalusk.ee\/avaleht\/"},{"@type":"ListItem","position":2,"name":"Spordialad","item":"https:\/\/palusalusk.ee\/spordialad\/"},{"@type":"ListItem","position":3,"name":"V\u00f5imlemine"}]},{"@type":"WebSite","@id":"https:\/\/palusalusk.ee\/#website","url":"https:\/\/palusalusk.ee\/","name":"Kristjan Palusalu Spordiklubi","description":"J\u00e4rjekordne WordPressi veebileht","potentialAction":[{"@type":"SearchAction","target":{"@type":"EntryPoint","urlTemplate":"https:\/\/palusalusk.ee\/?s={search_term_string}"},"query-input":{"@type":"PropertyValueSpecification","valueRequired":true,"valueName":"search_term_string"}}],"inLanguage":"en-US"}]}},"_links":{"self":[{"href":"https:\/\/palusalusk.ee\/en\/wp-json\/wp\/v2\/pages\/558","targetHints":{"allow":["GET"]}}],"collection":[{"href":"https:\/\/palusalusk.ee\/en\/wp-json\/wp\/v2\/pages"}],"about":[{"href":"https:\/\/palusalusk.ee\/en\/wp-json\/wp\/v2\/types\/page"}],"author":[{"embeddable":true,"href":"https:\/\/palusalusk.ee\/en\/wp-json\/wp\/v2\/users\/1"}],"replies":[{"embeddable":true,"href":"https:\/\/palusalusk.ee\/en\/wp-json\/wp\/v2\/comments?post=558"}],"version-history":[{"count":9,"href":"https:\/\/palusalusk.ee\/en\/wp-json\/wp\/v2\/pages\/558\/revisions"}],"predecessor-version":[{"id":17728,"href":"https:\/\/palusalusk.ee\/en\/wp-json\/wp\/v2\/pages\/558\/revisions\/17728"}],"up":[{"embeddable":true,"href":"https:\/\/palusalusk.ee\/en\/wp-json\/wp\/v2\/pages\/187"}],"wp:attachment":[{"href":"https:\/\/palusalusk.ee\/en\/wp-json\/wp\/v2\/media?parent=558"}],"curies":[{"name":"wp","href":"https:\/\/api.w.org\/{rel}","templated":true}]}}