{"id":3326,"date":"2014-07-27T10:32:52","date_gmt":"2014-07-27T07:32:52","guid":{"rendered":"http:\/\/palusaluklubi.ee\/?page_id=3326"},"modified":"2021-03-01T16:05:46","modified_gmt":"2021-03-01T14:05:46","slug":"kristjan-palusalu","status":"publish","type":"page","link":"https:\/\/palusalusk.ee\/en\/kristjan-palusalu\/","title":{"rendered":"Kristjan Palusalu elulugu"},"content":{"rendered":"<p><a href=\"https:\/\/palusalusk.ee\/wp-content\/uploads\/2014\/07\/palusalupilt.png\"><img loading=\"lazy\" decoding=\"async\" class=\"alignleft size-full wp-image-3329\" style=\"padding: 0 20px 0 0;\" src=\"https:\/\/palusalusk.ee\/wp-content\/uploads\/2014\/07\/palusalupilt.png\" alt=\"palusalupilt\" width=\"175\" height=\"247\" \/><\/a>Kristjan Palusalu on legendaarseim Eesti sportlane, tulles 1936.aastal Berliini Ol\u00fcmpiam\u00e4ngudel raskekaalus kahekordseks ol\u00fcmpiav\u00f5itijaks.<\/p>\n<p>1908. aasta 10. m\u00e4rtsil Saulepi vallas sundinud Maailma Kristjan asus Eestis esimest korda maadlustippu 1931. aastal, tulles esmakordselt Eesti meistriks.<\/p>\n<p>Kuni 1938. aastani, mil vigastus l\u00f5petas sportlaskarj\u00e4\u00e4ri, v\u00f5itis Palusalu kokku 12 raskekaalu Eesti meistritiitlit (nii kreeka-rooma kui vabamaadluses).<\/p>\n<p>Lisaks tuli Palusalu Ol\u00fcmpiaj\u00e4rgsel aastal kreeka-rooma maadluses Euroopa meistriks.<\/p>\n<p>Kristjan Palusalu suri 17. juulil 1987. On maetud Tallinna Metsakalmistule.<\/p>\n<input class=\"fooboxshare_post_id\" type=\"hidden\" value=\"3326\"\/>","protected":false},"excerpt":{"rendered":"<p>Kristjan Palusalu on legendaarseim Eesti sportlane, tulles 1936.aastal Berliini Ol\u00fcmpiam\u00e4ngudel raskekaalus kahekordseks ol\u00fcmpiav\u00f5itijaks. 1908. aasta 10. m\u00e4rtsil Saulepi vallas sundinud Maailma Kristjan asus Eestis esimest korda maadlustippu 1931. aastal, tulles esmakordselt Eesti meistriks. Kuni 1938. aastani, mil vigastus l\u00f5petas sportlaskarj\u00e4\u00e4ri, v\u00f5itis Palusalu kokku 12 raskekaalu Eesti meistritiitlit (nii kreeka-rooma kui vabamaadluses). Lisaks tuli Palusalu Ol\u00fcmpiaj\u00e4rgsel [&hellip;]<\/p>\n","protected":false},"author":1,"featured_media":0,"parent":0,"menu_order":14,"comment_status":"closed","ping_status":"closed","template":"","meta":{"footnotes":""},"class_list":["post-3326","page","type-page","status-publish","hentry"],"yoast_head":"<!-- This site is optimized with the Yoast SEO plugin v27.4 - https:\/\/yoast.com\/product\/yoast-seo-wordpress\/ -->\n<title>Kristjan Palusalu elulugu - Kristjan Palusalu Spordiklubi<\/title>\n<meta name=\"robots\" content=\"index, follow, max-snippet:-1, max-image-preview:large, max-video-preview:-1\" \/>\n<link rel=\"canonical\" href=\"https:\/\/palusalusk.ee\/en\/kristjan-palusalu\/\" \/>\n<meta property=\"og:locale\" content=\"en_US\" \/>\n<meta property=\"og:type\" content=\"article\" \/>\n<meta property=\"og:title\" content=\"Kristjan Palusalu elulugu - Kristjan Palusalu Spordiklubi\" \/>\n<meta property=\"og:description\" content=\"Kristjan Palusalu on legendaarseim Eesti sportlane, tulles 1936.aastal Berliini Ol\u00fcmpiam\u00e4ngudel raskekaalus kahekordseks ol\u00fcmpiav\u00f5itijaks. 1908. aasta 10. m\u00e4rtsil Saulepi vallas sundinud Maailma Kristjan asus Eestis esimest korda maadlustippu 1931. aastal, tulles esmakordselt Eesti meistriks. Kuni 1938. aastani, mil vigastus l\u00f5petas sportlaskarj\u00e4\u00e4ri, v\u00f5itis Palusalu kokku 12 raskekaalu Eesti meistritiitlit (nii kreeka-rooma kui vabamaadluses). Lisaks tuli Palusalu Ol\u00fcmpiaj\u00e4rgsel [&hellip;]\" \/>\n<meta property=\"og:url\" content=\"https:\/\/palusalusk.ee\/en\/kristjan-palusalu\/\" \/>\n<meta property=\"og:site_name\" content=\"Kristjan Palusalu Spordiklubi\" \/>\n<meta property=\"article:modified_time\" content=\"2021-03-01T14:05:46+00:00\" \/>\n<meta property=\"og:image\" content=\"https:\/\/palusalusk.ee\/wp-content\/uploads\/2014\/07\/palusalupilt.png\" \/>\n<script type=\"application\/ld+json\" class=\"yoast-schema-graph\">{\"@context\":\"https:\\\/\\\/schema.org\",\"@graph\":[{\"@type\":\"WebPage\",\"@id\":\"https:\\\/\\\/palusalusk.ee\\\/kristjan-palusalu\\\/\",\"url\":\"https:\\\/\\\/palusalusk.ee\\\/kristjan-palusalu\\\/\",\"name\":\"Kristjan Palusalu elulugu - Kristjan Palusalu Spordiklubi\",\"isPartOf\":{\"@id\":\"https:\\\/\\\/palusalusk.ee\\\/#website\"},\"primaryImageOfPage\":{\"@id\":\"https:\\\/\\\/palusalusk.ee\\\/kristjan-palusalu\\\/#primaryimage\"},\"image\":{\"@id\":\"https:\\\/\\\/palusalusk.ee\\\/kristjan-palusalu\\\/#primaryimage\"},\"thumbnailUrl\":\"https:\\\/\\\/palusalusk.ee\\\/wp-content\\\/uploads\\\/2014\\\/07\\\/palusalupilt.png\",\"datePublished\":\"2014-07-27T07:32:52+00:00\",\"dateModified\":\"2021-03-01T14:05:46+00:00\",\"breadcrumb\":{\"@id\":\"https:\\\/\\\/palusalusk.ee\\\/kristjan-palusalu\\\/#breadcrumb\"},\"inLanguage\":\"en-US\",\"potentialAction\":[{\"@type\":\"ReadAction\",\"target\":[\"https:\\\/\\\/palusalusk.ee\\\/kristjan-palusalu\\\/\"]}]},{\"@type\":\"ImageObject\",\"inLanguage\":\"en-US\",\"@id\":\"https:\\\/\\\/palusalusk.ee\\\/kristjan-palusalu\\\/#primaryimage\",\"url\":\"https:\\\/\\\/palusalusk.ee\\\/wp-content\\\/uploads\\\/2014\\\/07\\\/palusalupilt.png\",\"contentUrl\":\"https:\\\/\\\/palusalusk.ee\\\/wp-content\\\/uploads\\\/2014\\\/07\\\/palusalupilt.png\"},{\"@type\":\"BreadcrumbList\",\"@id\":\"https:\\\/\\\/palusalusk.ee\\\/kristjan-palusalu\\\/#breadcrumb\",\"itemListElement\":[{\"@type\":\"ListItem\",\"position\":1,\"name\":\"Home\",\"item\":\"https:\\\/\\\/palusalusk.ee\\\/avaleht\\\/\"},{\"@type\":\"ListItem\",\"position\":2,\"name\":\"Kristjan Palusalu elulugu\"}]},{\"@type\":\"WebSite\",\"@id\":\"https:\\\/\\\/palusalusk.ee\\\/#website\",\"url\":\"https:\\\/\\\/palusalusk.ee\\\/\",\"name\":\"Kristjan Palusalu Spordiklubi\",\"description\":\"J\u00e4rjekordne WordPressi veebileht\",\"potentialAction\":[{\"@type\":\"SearchAction\",\"target\":{\"@type\":\"EntryPoint\",\"urlTemplate\":\"https:\\\/\\\/palusalusk.ee\\\/?s={search_term_string}\"},\"query-input\":{\"@type\":\"PropertyValueSpecification\",\"valueRequired\":true,\"valueName\":\"search_term_string\"}}],\"inLanguage\":\"en-US\"}]}<\/script>\n<!-- \/ Yoast SEO plugin. -->","yoast_head_json":{"title":"Kristjan Palusalu elulugu - Kristjan Palusalu Spordiklubi","robots":{"index":"index","follow":"follow","max-snippet":"max-snippet:-1","max-image-preview":"max-image-preview:large","max-video-preview":"max-video-preview:-1"},"canonical":"https:\/\/palusalusk.ee\/en\/kristjan-palusalu\/","og_locale":"en_US","og_type":"article","og_title":"Kristjan Palusalu elulugu - Kristjan Palusalu Spordiklubi","og_description":"Kristjan Palusalu on legendaarseim Eesti sportlane, tulles 1936.aastal Berliini Ol\u00fcmpiam\u00e4ngudel raskekaalus kahekordseks ol\u00fcmpiav\u00f5itijaks. 1908. aasta 10. m\u00e4rtsil Saulepi vallas sundinud Maailma Kristjan asus Eestis esimest korda maadlustippu 1931. aastal, tulles esmakordselt Eesti meistriks. Kuni 1938. aastani, mil vigastus l\u00f5petas sportlaskarj\u00e4\u00e4ri, v\u00f5itis Palusalu kokku 12 raskekaalu Eesti meistritiitlit (nii kreeka-rooma kui vabamaadluses). Lisaks tuli Palusalu Ol\u00fcmpiaj\u00e4rgsel [&hellip;]","og_url":"https:\/\/palusalusk.ee\/en\/kristjan-palusalu\/","og_site_name":"Kristjan Palusalu Spordiklubi","article_modified_time":"2021-03-01T14:05:46+00:00","og_image":[{"url":"https:\/\/palusalusk.ee\/wp-content\/uploads\/2014\/07\/palusalupilt.png","type":"","width":"","height":""}],"schema":{"@context":"https:\/\/schema.org","@graph":[{"@type":"WebPage","@id":"https:\/\/palusalusk.ee\/kristjan-palusalu\/","url":"https:\/\/palusalusk.ee\/kristjan-palusalu\/","name":"Kristjan Palusalu elulugu - Kristjan Palusalu Spordiklubi","isPartOf":{"@id":"https:\/\/palusalusk.ee\/#website"},"primaryImageOfPage":{"@id":"https:\/\/palusalusk.ee\/kristjan-palusalu\/#primaryimage"},"image":{"@id":"https:\/\/palusalusk.ee\/kristjan-palusalu\/#primaryimage"},"thumbnailUrl":"https:\/\/palusalusk.ee\/wp-content\/uploads\/2014\/07\/palusalupilt.png","datePublished":"2014-07-27T07:32:52+00:00","dateModified":"2021-03-01T14:05:46+00:00","breadcrumb":{"@id":"https:\/\/palusalusk.ee\/kristjan-palusalu\/#breadcrumb"},"inLanguage":"en-US","potentialAction":[{"@type":"ReadAction","target":["https:\/\/palusalusk.ee\/kristjan-palusalu\/"]}]},{"@type":"ImageObject","inLanguage":"en-US","@id":"https:\/\/palusalusk.ee\/kristjan-palusalu\/#primaryimage","url":"https:\/\/palusalusk.ee\/wp-content\/uploads\/2014\/07\/palusalupilt.png","contentUrl":"https:\/\/palusalusk.ee\/wp-content\/uploads\/2014\/07\/palusalupilt.png"},{"@type":"BreadcrumbList","@id":"https:\/\/palusalusk.ee\/kristjan-palusalu\/#breadcrumb","itemListElement":[{"@type":"ListItem","position":1,"name":"Home","item":"https:\/\/palusalusk.ee\/avaleht\/"},{"@type":"ListItem","position":2,"name":"Kristjan Palusalu elulugu"}]},{"@type":"WebSite","@id":"https:\/\/palusalusk.ee\/#website","url":"https:\/\/palusalusk.ee\/","name":"Kristjan Palusalu Spordiklubi","description":"J\u00e4rjekordne WordPressi veebileht","potentialAction":[{"@type":"SearchAction","target":{"@type":"EntryPoint","urlTemplate":"https:\/\/palusalusk.ee\/?s={search_term_string}"},"query-input":{"@type":"PropertyValueSpecification","valueRequired":true,"valueName":"search_term_string"}}],"inLanguage":"en-US"}]}},"_links":{"self":[{"href":"https:\/\/palusalusk.ee\/en\/wp-json\/wp\/v2\/pages\/3326","targetHints":{"allow":["GET"]}}],"collection":[{"href":"https:\/\/palusalusk.ee\/en\/wp-json\/wp\/v2\/pages"}],"about":[{"href":"https:\/\/palusalusk.ee\/en\/wp-json\/wp\/v2\/types\/page"}],"author":[{"embeddable":true,"href":"https:\/\/palusalusk.ee\/en\/wp-json\/wp\/v2\/users\/1"}],"replies":[{"embeddable":true,"href":"https:\/\/palusalusk.ee\/en\/wp-json\/wp\/v2\/comments?post=3326"}],"version-history":[{"count":7,"href":"https:\/\/palusalusk.ee\/en\/wp-json\/wp\/v2\/pages\/3326\/revisions"}],"predecessor-version":[{"id":14567,"href":"https:\/\/palusalusk.ee\/en\/wp-json\/wp\/v2\/pages\/3326\/revisions\/14567"}],"wp:attachment":[{"href":"https:\/\/palusalusk.ee\/en\/wp-json\/wp\/v2\/media?parent=3326"}],"curies":[{"name":"wp","href":"https:\/\/api.w.org\/{rel}","templated":true}]}}