{"id":3300,"date":"2014-07-12T14:20:06","date_gmt":"2014-07-12T11:20:06","guid":{"rendered":"http:\/\/palusaluklubi.ee\/?page_id=3300"},"modified":"2020-10-06T13:18:59","modified_gmt":"2020-10-06T10:18:59","slug":"spordiklubi-maaramine","status":"publish","type":"page","link":"https:\/\/palusalusk.ee\/en\/spordiklubi-maaramine\/","title":{"rendered":"Spordiklubi m\u00e4\u00e4ramine"},"content":{"rendered":"<p>T\u00e4nan,et olete oma lapse toonud meie klubi treeningutele.<br \/>\nKlubisse astudes tuleb Teil kinnitada (klikkida) oma lapse treenimist meie klubis,millega annate ka n\u00f5usoleku Tallinna Noorsoo-ja Spordiameti v\u00f5i Viimsi valla poolt makstava pearaha kandmist meie klubi arvele.<br \/>\nLast saab s\u00fcsteemi sisestada ainult lapse isikukoodi j\u00e4rgi.<\/p>\n<p>Kinnituse saavad teha lapsevanemad,kelle laps on rahvastiku registri j\u00e4rgi Tallinna elanik ja vanuses 4-19 aastat.<br \/>\nNeed , kes ei soovi teha kinnitust elektrooniliselt, palume minna Tallinna Noorsoo-ja Spotdiametisse aadressil Vabaduse v\u00e4ljak 10 b (IV korrus) ja teha kinnitus kohapeal (kaasa v\u00f5tta isikut t\u00f5endav dokument)<\/p>\n<p>Lapse seduslik esindaja(\u00fcldjuhul lapsevanem) teeb kinnituse l\u00e4bi riigiportaali elektrooniliselt,sisenedes portaali l\u00e4bi panga v\u00f5i ID kaardiga.<\/p>\n<p>Kasutades linki:\u00a0<a href=\"https:\/\/taotlen.tallinn.ee\/login?redirect.\">https:\/\/taotlen.tallinn.ee\/login?redirect.<\/a><\/p>\n<p>&nbsp;<\/p>\n<h3><strong>\u00d5petus ja juhis lingis liikumiseks:<\/strong><\/h3>\n<ol>\n<li>Ava &#8211; e- teenused<\/li>\n<li>Ava &#8211; kodanikule.<\/li>\n<li>Ava \u2013 kultuur la vaba aeg.<\/li>\n<li>Ava \u2013 spordiklubide toetus spordiklubides lastele( Tallinnas \/ Viimsis)\u00a0https:\/\/www.eesti.ee\/est\/teenused\/kodanik\/kultuur_ja_vaba_aeg\/minu_lapsed_spordiklubides<\/li>\n<li>Kinnita laps spordiklubisse \u00f5ppeaastaks 2016\/2017. Klikkida eraldi aasta 2016 ja 2017. ( JAH V\u00d5I KINNITA )NB! Kui laps on eelnevalt kinnitatud teises spordiklubis , siis enne kinnitamist tuleb laps eelmisest spordiklubist maha v\u00f5tta. Muidu ei saa last uude spordiklubisse kinnitada.<\/li>\n<\/ol>\n<p><strong>K\u00fcsimuste v\u00f5i probleemide korral v\u00f5tke \u00fchendust M.Vooglaid mob. 50 92 127 v\u00f5i meili teel marevooglaid@gmail.com<\/strong><\/p>\n<input class=\"fooboxshare_post_id\" type=\"hidden\" value=\"3300\"\/>","protected":false},"excerpt":{"rendered":"<p>T\u00e4nan,et olete oma lapse toonud meie klubi treeningutele. Klubisse astudes tuleb Teil kinnitada (klikkida) oma lapse treenimist meie klubis,millega annate ka n\u00f5usoleku Tallinna Noorsoo-ja Spordiameti v\u00f5i Viimsi valla poolt makstava pearaha kandmist meie klubi arvele. Last saab s\u00fcsteemi sisestada ainult lapse isikukoodi j\u00e4rgi. Kinnituse saavad teha lapsevanemad,kelle laps on rahvastiku registri j\u00e4rgi Tallinna elanik ja [&hellip;]<\/p>\n","protected":false},"author":1,"featured_media":0,"parent":0,"menu_order":20,"comment_status":"closed","ping_status":"closed","template":"","meta":{"footnotes":""},"class_list":["post-3300","page","type-page","status-publish","hentry"],"yoast_head":"<!-- This site is optimized with the Yoast SEO plugin v27.5 - https:\/\/yoast.com\/product\/yoast-seo-wordpress\/ -->\n<title>Spordiklubi m\u00e4\u00e4ramine - Kristjan Palusalu Spordiklubi<\/title>\n<meta name=\"robots\" content=\"index, follow, max-snippet:-1, max-image-preview:large, max-video-preview:-1\" \/>\n<link rel=\"canonical\" href=\"https:\/\/palusalusk.ee\/en\/spordiklubi-maaramine\/\" \/>\n<meta property=\"og:locale\" content=\"en_US\" \/>\n<meta property=\"og:type\" content=\"article\" \/>\n<meta property=\"og:title\" content=\"Spordiklubi m\u00e4\u00e4ramine - Kristjan Palusalu Spordiklubi\" \/>\n<meta property=\"og:description\" content=\"T\u00e4nan,et olete oma lapse toonud meie klubi treeningutele. Klubisse astudes tuleb Teil kinnitada (klikkida) oma lapse treenimist meie klubis,millega annate ka n\u00f5usoleku Tallinna Noorsoo-ja Spordiameti v\u00f5i Viimsi valla poolt makstava pearaha kandmist meie klubi arvele. Last saab s\u00fcsteemi sisestada ainult lapse isikukoodi j\u00e4rgi. Kinnituse saavad teha lapsevanemad,kelle laps on rahvastiku registri j\u00e4rgi Tallinna elanik ja [&hellip;]\" \/>\n<meta property=\"og:url\" content=\"https:\/\/palusalusk.ee\/en\/spordiklubi-maaramine\/\" \/>\n<meta property=\"og:site_name\" content=\"Kristjan Palusalu Spordiklubi\" \/>\n<meta property=\"article:modified_time\" content=\"2020-10-06T10:18:59+00:00\" \/>\n<meta property=\"og:image\" content=\"https:\/\/palusalusk.ee\/wp-content\/uploads\/2020\/08\/Palusalu_SK_uus-Suur-V\u00e4lireklaam.jpg\" \/>\n\t<meta property=\"og:image:width\" content=\"1299\" \/>\n\t<meta property=\"og:image:height\" content=\"651\" \/>\n\t<meta property=\"og:image:type\" content=\"image\/jpeg\" \/>\n<meta name=\"twitter:label1\" content=\"Est. reading time\" \/>\n\t<meta name=\"twitter:data1\" content=\"1 minute\" \/>\n<script type=\"application\/ld+json\" class=\"yoast-schema-graph\">{\"@context\":\"https:\\\/\\\/schema.org\",\"@graph\":[{\"@type\":\"WebPage\",\"@id\":\"https:\\\/\\\/palusalusk.ee\\\/spordiklubi-maaramine\\\/\",\"url\":\"https:\\\/\\\/palusalusk.ee\\\/spordiklubi-maaramine\\\/\",\"name\":\"Spordiklubi m\u00e4\u00e4ramine - Kristjan Palusalu Spordiklubi\",\"isPartOf\":{\"@id\":\"https:\\\/\\\/palusalusk.ee\\\/#website\"},\"datePublished\":\"2014-07-12T11:20:06+00:00\",\"dateModified\":\"2020-10-06T10:18:59+00:00\",\"breadcrumb\":{\"@id\":\"https:\\\/\\\/palusalusk.ee\\\/spordiklubi-maaramine\\\/#breadcrumb\"},\"inLanguage\":\"en-US\",\"potentialAction\":[{\"@type\":\"ReadAction\",\"target\":[\"https:\\\/\\\/palusalusk.ee\\\/spordiklubi-maaramine\\\/\"]}]},{\"@type\":\"BreadcrumbList\",\"@id\":\"https:\\\/\\\/palusalusk.ee\\\/spordiklubi-maaramine\\\/#breadcrumb\",\"itemListElement\":[{\"@type\":\"ListItem\",\"position\":1,\"name\":\"Home\",\"item\":\"https:\\\/\\\/palusalusk.ee\\\/avaleht\\\/\"},{\"@type\":\"ListItem\",\"position\":2,\"name\":\"Spordiklubi m\u00e4\u00e4ramine\"}]},{\"@type\":\"WebSite\",\"@id\":\"https:\\\/\\\/palusalusk.ee\\\/#website\",\"url\":\"https:\\\/\\\/palusalusk.ee\\\/\",\"name\":\"Kristjan Palusalu Spordiklubi\",\"description\":\"J\u00e4rjekordne WordPressi veebileht\",\"potentialAction\":[{\"@type\":\"SearchAction\",\"target\":{\"@type\":\"EntryPoint\",\"urlTemplate\":\"https:\\\/\\\/palusalusk.ee\\\/?s={search_term_string}\"},\"query-input\":{\"@type\":\"PropertyValueSpecification\",\"valueRequired\":true,\"valueName\":\"search_term_string\"}}],\"inLanguage\":\"en-US\"}]}<\/script>\n<!-- \/ Yoast SEO plugin. -->","yoast_head_json":{"title":"Spordiklubi m\u00e4\u00e4ramine - Kristjan Palusalu Spordiklubi","robots":{"index":"index","follow":"follow","max-snippet":"max-snippet:-1","max-image-preview":"max-image-preview:large","max-video-preview":"max-video-preview:-1"},"canonical":"https:\/\/palusalusk.ee\/en\/spordiklubi-maaramine\/","og_locale":"en_US","og_type":"article","og_title":"Spordiklubi m\u00e4\u00e4ramine - Kristjan Palusalu Spordiklubi","og_description":"T\u00e4nan,et olete oma lapse toonud meie klubi treeningutele. Klubisse astudes tuleb Teil kinnitada (klikkida) oma lapse treenimist meie klubis,millega annate ka n\u00f5usoleku Tallinna Noorsoo-ja Spordiameti v\u00f5i Viimsi valla poolt makstava pearaha kandmist meie klubi arvele. Last saab s\u00fcsteemi sisestada ainult lapse isikukoodi j\u00e4rgi. Kinnituse saavad teha lapsevanemad,kelle laps on rahvastiku registri j\u00e4rgi Tallinna elanik ja [&hellip;]","og_url":"https:\/\/palusalusk.ee\/en\/spordiklubi-maaramine\/","og_site_name":"Kristjan Palusalu Spordiklubi","article_modified_time":"2020-10-06T10:18:59+00:00","og_image":[{"width":1299,"height":651,"url":"https:\/\/palusalusk.ee\/wp-content\/uploads\/2020\/08\/Palusalu_SK_uus-Suur-V\u00e4lireklaam.jpg","type":"image\/jpeg"}],"twitter_misc":{"Est. reading time":"1 minute"},"schema":{"@context":"https:\/\/schema.org","@graph":[{"@type":"WebPage","@id":"https:\/\/palusalusk.ee\/spordiklubi-maaramine\/","url":"https:\/\/palusalusk.ee\/spordiklubi-maaramine\/","name":"Spordiklubi m\u00e4\u00e4ramine - Kristjan Palusalu Spordiklubi","isPartOf":{"@id":"https:\/\/palusalusk.ee\/#website"},"datePublished":"2014-07-12T11:20:06+00:00","dateModified":"2020-10-06T10:18:59+00:00","breadcrumb":{"@id":"https:\/\/palusalusk.ee\/spordiklubi-maaramine\/#breadcrumb"},"inLanguage":"en-US","potentialAction":[{"@type":"ReadAction","target":["https:\/\/palusalusk.ee\/spordiklubi-maaramine\/"]}]},{"@type":"BreadcrumbList","@id":"https:\/\/palusalusk.ee\/spordiklubi-maaramine\/#breadcrumb","itemListElement":[{"@type":"ListItem","position":1,"name":"Home","item":"https:\/\/palusalusk.ee\/avaleht\/"},{"@type":"ListItem","position":2,"name":"Spordiklubi m\u00e4\u00e4ramine"}]},{"@type":"WebSite","@id":"https:\/\/palusalusk.ee\/#website","url":"https:\/\/palusalusk.ee\/","name":"Kristjan Palusalu Spordiklubi","description":"J\u00e4rjekordne WordPressi veebileht","potentialAction":[{"@type":"SearchAction","target":{"@type":"EntryPoint","urlTemplate":"https:\/\/palusalusk.ee\/?s={search_term_string}"},"query-input":{"@type":"PropertyValueSpecification","valueRequired":true,"valueName":"search_term_string"}}],"inLanguage":"en-US"}]}},"_links":{"self":[{"href":"https:\/\/palusalusk.ee\/en\/wp-json\/wp\/v2\/pages\/3300","targetHints":{"allow":["GET"]}}],"collection":[{"href":"https:\/\/palusalusk.ee\/en\/wp-json\/wp\/v2\/pages"}],"about":[{"href":"https:\/\/palusalusk.ee\/en\/wp-json\/wp\/v2\/types\/page"}],"author":[{"embeddable":true,"href":"https:\/\/palusalusk.ee\/en\/wp-json\/wp\/v2\/users\/1"}],"replies":[{"embeddable":true,"href":"https:\/\/palusalusk.ee\/en\/wp-json\/wp\/v2\/comments?post=3300"}],"version-history":[{"count":12,"href":"https:\/\/palusalusk.ee\/en\/wp-json\/wp\/v2\/pages\/3300\/revisions"}],"predecessor-version":[{"id":14320,"href":"https:\/\/palusalusk.ee\/en\/wp-json\/wp\/v2\/pages\/3300\/revisions\/14320"}],"wp:attachment":[{"href":"https:\/\/palusalusk.ee\/en\/wp-json\/wp\/v2\/media?parent=3300"}],"curies":[{"name":"wp","href":"https:\/\/api.w.org\/{rel}","templated":true}]}}