{"id":3244,"date":"2014-03-30T12:06:12","date_gmt":"2014-03-30T09:06:12","guid":{"rendered":"http:\/\/palusaluklubi.ee\/?page_id=3244"},"modified":"2016-11-14T09:16:03","modified_gmt":"2016-11-14T07:16:03","slug":"klubist","status":"publish","type":"page","link":"https:\/\/palusalusk.ee\/en\/klubist\/","title":{"rendered":"Klubist"},"content":{"rendered":"<div  class='flex_column av-av_one_half-2a9015ff38129c418a3f2eafba3e9512 av_one_half  avia-builder-el-0  el_before_av_one_half  avia-builder-el-first  first flex_column_div'     ><section  class='av_textblock_section av-av_textblock-a7bac4a6e49c8eb47262a43fda825da8'   itemscope=\"itemscope\" itemtype=\"https:\/\/schema.org\/CreativeWork\" ><div class='avia_textblock'  itemprop=\"text\" ><p><strong>K. Palusalu Spordiklubi<\/strong> alustas oma tegevust 2008.a s\u00fcgisel v\u00f5rkpalli ja v\u00f5imlemise osakondadega.<\/p>\n<p>2010 a. alustas tegevust ujumise osakond ja 2012.a. allveeujumise oaskond.<\/p>\n<p>Klubi tegutseb kolmes erinevas spordibaasis , mis asuvad Lasnam\u00e4el, Mustam\u00e4el ja Kesklinnas.<\/p>\n<p><strong>K. Palusalu Spordiklubi Missiooniks on:<\/strong><\/p>\n<ul>\n<li>propageerida liikumisharrastust ja tervislikke eluviise ning arendada sportlikku tegevust laste ja noorte hulgas, pakkudes\u00a0 sellega lastele avastamisr\u00f5\u00f5mu spordis.<\/li>\n<li>arendada ol\u00fcmpiaspordi\u00a0 ja liikumise \u201e Sport K\u00f5igile\u201c alasid ning p\u00f5him\u00f5tteid;<\/li>\n<li>valmistada ette Eesti \u00a0spordi j\u00e4relkasvu.<\/li>\n<li>tegeleda suunatud heategevusega v\u00e4hekindlustatud peredele.<\/li>\n<li>koordineerida klubi liikmete ja avalikkuse vahelist \u00fchistegvust.<\/li>\n<li>tutvustada\u00a0 ja edasi viia kahekordse ol\u00fcmpiav\u00f5itja \u00a0Kristjan Palusalu spordi ja\u00a0 kultuurip\u00e4randit kaasaja noorte ja laste hulgas.<\/li>\n<\/ul>\n<\/div><\/section><\/div>\n<div  class='flex_column av-av_one_half-b51168870d26eac9084c0e2dc495efe0 av_one_half  avia-builder-el-2  el_after_av_one_half  avia-builder-el-last  flex_column_div'     ><div id='av-masonry-1' class='av-masonry av-av_masonry_gallery-294fe0cf7f0b8d848f8d5f14af7a810c noHover av-flex-size av-1px-gap av-hover-overlay- av-masonry-animation-active av-masonry-col-flexible av-caption-always av-caption-style- av-masonry-gallery' data-post_id=\"3244\"><div class=\"av-masonry-container isotope av-js-disabled\"><div class='av-masonry-entry isotope-item av-masonry-item-no-image'><\/div><a href=\"https:\/\/palusalusk.ee\/wp-content\/uploads\/2016\/06\/DSC_0549.jpg\" data-srcset=\"https:\/\/palusalusk.ee\/wp-content\/uploads\/2016\/06\/DSC_0549.jpg 1024w, https:\/\/palusalusk.ee\/wp-content\/uploads\/2016\/06\/DSC_0549-300x200.jpg 300w, https:\/\/palusalusk.ee\/wp-content\/uploads\/2016\/06\/DSC_0549-705x470.jpg 705w\" data-sizes=\"(max-width: 1024px) 100vw, 1024px\"  aria-label=\"image DSC_0549\"  id='av-masonry-1-item-6897' data-av-masonry-item='6897' class='av-masonry-entry isotope-item post-6897 attachment type-attachment status-inherit hentry  av-masonry-item-with-image' title=\"DSC_0549\" alt=\"\"    itemprop=\"thumbnailUrl\" ><div class='av-inner-masonry-sizer'><\/div><figure class='av-inner-masonry main_color'><div class=\"av-masonry-outerimage-container\"><div class='av-masonry-image-container'  ><img decoding=\"async\" width=\"705\" height=\"470\" fetchpriority=\"high\" class=\"wp-image-6897 avia-img-lazy-loading-not-6897\"  src=\"https:\/\/palusalusk.ee\/wp-content\/uploads\/2016\/06\/DSC_0549-705x470.jpg\" title=\"DSC_0549\" alt=\"\" srcset=\"https:\/\/palusalusk.ee\/wp-content\/uploads\/2016\/06\/DSC_0549-705x470.jpg 705w, https:\/\/palusalusk.ee\/wp-content\/uploads\/2016\/06\/DSC_0549-300x200.jpg 300w, https:\/\/palusalusk.ee\/wp-content\/uploads\/2016\/06\/DSC_0549.jpg 1024w\" sizes=\"(max-width: 705px) 100vw, 705px\" \/><\/div><\/div><\/figure><\/a><!--end av-masonry entry--><a href=\"https:\/\/palusalusk.ee\/wp-content\/uploads\/2016\/05\/DSC04255.jpg\" data-srcset=\"https:\/\/palusalusk.ee\/wp-content\/uploads\/2016\/05\/DSC04255.jpg 1024w, https:\/\/palusalusk.ee\/wp-content\/uploads\/2016\/05\/DSC04255-300x225.jpg 300w, https:\/\/palusalusk.ee\/wp-content\/uploads\/2016\/05\/DSC04255-705x529.jpg 705w\" data-sizes=\"(max-width: 1024px) 100vw, 1024px\"  aria-label=\"image DSC04255\"  id='av-masonry-1-item-6752' data-av-masonry-item='6752' class='av-masonry-entry isotope-item post-6752 attachment type-attachment status-inherit hentry  av-masonry-item-with-image' title=\"DSC04255\" alt=\"\"    itemprop=\"thumbnailUrl\" ><div class='av-inner-masonry-sizer'><\/div><figure class='av-inner-masonry main_color'><div class=\"av-masonry-outerimage-container\"><div class='av-masonry-image-container'  ><img decoding=\"async\" width=\"705\" height=\"529\" fetchpriority=\"high\" class=\"wp-image-6752 avia-img-lazy-loading-not-6752\"  src=\"https:\/\/palusalusk.ee\/wp-content\/uploads\/2016\/05\/DSC04255-705x529.jpg\" title=\"DSC04255\" alt=\"\" srcset=\"https:\/\/palusalusk.ee\/wp-content\/uploads\/2016\/05\/DSC04255-705x529.jpg 705w, https:\/\/palusalusk.ee\/wp-content\/uploads\/2016\/05\/DSC04255-300x225.jpg 300w, https:\/\/palusalusk.ee\/wp-content\/uploads\/2016\/05\/DSC04255.jpg 1024w\" sizes=\"(max-width: 705px) 100vw, 705px\" \/><\/div><\/div><\/figure><\/a><!--end av-masonry entry--><a href=\"https:\/\/palusalusk.ee\/wp-content\/uploads\/2016\/05\/DSC04175.jpg\" data-srcset=\"https:\/\/palusalusk.ee\/wp-content\/uploads\/2016\/05\/DSC04175.jpg 1024w, https:\/\/palusalusk.ee\/wp-content\/uploads\/2016\/05\/DSC04175-300x225.jpg 300w, https:\/\/palusalusk.ee\/wp-content\/uploads\/2016\/05\/DSC04175-705x529.jpg 705w\" data-sizes=\"(max-width: 1024px) 100vw, 1024px\"  aria-label=\"image DSC04175\"  id='av-masonry-1-item-6695' data-av-masonry-item='6695' class='av-masonry-entry isotope-item post-6695 attachment type-attachment status-inherit hentry  av-masonry-item-with-image' title=\"DSC04175\" alt=\"\"    itemprop=\"thumbnailUrl\" ><div class='av-inner-masonry-sizer'><\/div><figure class='av-inner-masonry main_color'><div class=\"av-masonry-outerimage-container\"><div class='av-masonry-image-container'  ><img decoding=\"async\" width=\"705\" height=\"529\" fetchpriority=\"high\" class=\"wp-image-6695 avia-img-lazy-loading-not-6695\"  src=\"https:\/\/palusalusk.ee\/wp-content\/uploads\/2016\/05\/DSC04175-705x529.jpg\" title=\"DSC04175\" alt=\"\" srcset=\"https:\/\/palusalusk.ee\/wp-content\/uploads\/2016\/05\/DSC04175-705x529.jpg 705w, https:\/\/palusalusk.ee\/wp-content\/uploads\/2016\/05\/DSC04175-300x225.jpg 300w, https:\/\/palusalusk.ee\/wp-content\/uploads\/2016\/05\/DSC04175.jpg 1024w\" sizes=\"(max-width: 705px) 100vw, 705px\" \/><\/div><\/div><\/figure><\/a><!--end av-masonry entry--><a href=\"https:\/\/palusalusk.ee\/wp-content\/uploads\/2016\/05\/IMG_0654.jpg\" data-srcset=\"https:\/\/palusalusk.ee\/wp-content\/uploads\/2016\/05\/IMG_0654.jpg 1024w, https:\/\/palusalusk.ee\/wp-content\/uploads\/2016\/05\/IMG_0654-300x200.jpg 300w, https:\/\/palusalusk.ee\/wp-content\/uploads\/2016\/05\/IMG_0654-705x469.jpg 705w\" data-sizes=\"(max-width: 1024px) 100vw, 1024px\"  aria-label=\"image IMG_0654\"  id='av-masonry-1-item-6626' data-av-masonry-item='6626' class='av-masonry-entry isotope-item post-6626 attachment type-attachment status-inherit hentry  av-masonry-item-with-image' title=\"IMG_0654\" alt=\"\"    itemprop=\"thumbnailUrl\" ><div class='av-inner-masonry-sizer'><\/div><figure class='av-inner-masonry main_color'><div class=\"av-masonry-outerimage-container\"><div class='av-masonry-image-container'  ><img decoding=\"async\" width=\"705\" height=\"469\" fetchpriority=\"high\" class=\"wp-image-6626 avia-img-lazy-loading-not-6626\"  src=\"https:\/\/palusalusk.ee\/wp-content\/uploads\/2016\/05\/IMG_0654-705x469.jpg\" title=\"IMG_0654\" alt=\"\" srcset=\"https:\/\/palusalusk.ee\/wp-content\/uploads\/2016\/05\/IMG_0654-705x469.jpg 705w, https:\/\/palusalusk.ee\/wp-content\/uploads\/2016\/05\/IMG_0654-300x200.jpg 300w, https:\/\/palusalusk.ee\/wp-content\/uploads\/2016\/05\/IMG_0654.jpg 1024w\" sizes=\"(max-width: 705px) 100vw, 705px\" \/><\/div><\/div><\/figure><\/a><!--end av-masonry entry--><a href=\"https:\/\/palusalusk.ee\/wp-content\/uploads\/2016\/04\/DSC03951.jpg\" data-srcset=\"https:\/\/palusalusk.ee\/wp-content\/uploads\/2016\/04\/DSC03951.jpg 1024w, https:\/\/palusalusk.ee\/wp-content\/uploads\/2016\/04\/DSC03951-300x225.jpg 300w, https:\/\/palusalusk.ee\/wp-content\/uploads\/2016\/04\/DSC03951-705x529.jpg 705w\" data-sizes=\"(max-width: 1024px) 100vw, 1024px\"  aria-label=\"image DSC03951\"  id='av-masonry-1-item-6501' data-av-masonry-item='6501' class='av-masonry-entry isotope-item post-6501 attachment type-attachment status-inherit hentry  av-masonry-item-with-image' title=\"DSC03951\" alt=\"\"    itemprop=\"thumbnailUrl\" ><div class='av-inner-masonry-sizer'><\/div><figure class='av-inner-masonry main_color'><div class=\"av-masonry-outerimage-container\"><div class='av-masonry-image-container'  ><img decoding=\"async\" width=\"705\" height=\"529\" fetchpriority=\"high\" class=\"wp-image-6501 avia-img-lazy-loading-not-6501\"  src=\"https:\/\/palusalusk.ee\/wp-content\/uploads\/2016\/04\/DSC03951-705x529.jpg\" title=\"DSC03951\" alt=\"\" srcset=\"https:\/\/palusalusk.ee\/wp-content\/uploads\/2016\/04\/DSC03951-705x529.jpg 705w, https:\/\/palusalusk.ee\/wp-content\/uploads\/2016\/04\/DSC03951-300x225.jpg 300w, https:\/\/palusalusk.ee\/wp-content\/uploads\/2016\/04\/DSC03951.jpg 1024w\" sizes=\"(max-width: 705px) 100vw, 705px\" \/><\/div><\/div><\/figure><\/a><!--end av-masonry entry--><a href=\"https:\/\/palusalusk.ee\/wp-content\/uploads\/2016\/02\/DSC03598.jpg\" data-srcset=\"https:\/\/palusalusk.ee\/wp-content\/uploads\/2016\/02\/DSC03598.jpg 1024w, https:\/\/palusalusk.ee\/wp-content\/uploads\/2016\/02\/DSC03598-300x225.jpg 300w, https:\/\/palusalusk.ee\/wp-content\/uploads\/2016\/02\/DSC03598-705x529.jpg 705w\" data-sizes=\"(max-width: 1024px) 100vw, 1024px\"  aria-label=\"image DSC03598\"  id='av-masonry-1-item-6133' data-av-masonry-item='6133' class='av-masonry-entry isotope-item post-6133 attachment type-attachment status-inherit hentry  av-masonry-item-with-image' title=\"DSC03598\" alt=\"\"    itemprop=\"thumbnailUrl\" ><div class='av-inner-masonry-sizer'><\/div><figure class='av-inner-masonry main_color'><div class=\"av-masonry-outerimage-container\"><div class='av-masonry-image-container'  ><img decoding=\"async\" width=\"705\" height=\"529\" fetchpriority=\"high\" class=\"wp-image-6133 avia-img-lazy-loading-not-6133\"  src=\"https:\/\/palusalusk.ee\/wp-content\/uploads\/2016\/02\/DSC03598-705x529.jpg\" title=\"DSC03598\" alt=\"\" srcset=\"https:\/\/palusalusk.ee\/wp-content\/uploads\/2016\/02\/DSC03598-705x529.jpg 705w, https:\/\/palusalusk.ee\/wp-content\/uploads\/2016\/02\/DSC03598-300x225.jpg 300w, https:\/\/palusalusk.ee\/wp-content\/uploads\/2016\/02\/DSC03598.jpg 1024w\" sizes=\"(max-width: 705px) 100vw, 705px\" \/><\/div><\/div><\/figure><\/a><!--end av-masonry entry--><a href=\"https:\/\/palusalusk.ee\/wp-content\/uploads\/2016\/08\/DSC05710-1030x773.jpg\" data-srcset=\"https:\/\/palusalusk.ee\/wp-content\/uploads\/2016\/08\/DSC05710-1030x773.jpg 1030w, https:\/\/palusalusk.ee\/wp-content\/uploads\/2016\/08\/DSC05710-300x225.jpg 300w, https:\/\/palusalusk.ee\/wp-content\/uploads\/2016\/08\/DSC05710-705x529.jpg 705w, https:\/\/palusalusk.ee\/wp-content\/uploads\/2016\/08\/DSC05710.jpg 1920w\" data-sizes=\"(max-width: 1030px) 100vw, 1030px\"  aria-label=\"image DSC05710\"  id='av-masonry-1-item-7277' data-av-masonry-item='7277' class='av-masonry-entry isotope-item post-7277 attachment type-attachment status-inherit hentry  av-masonry-item-with-image' title=\"DSC05710\" alt=\"\"    itemprop=\"thumbnailUrl\" ><div class='av-inner-masonry-sizer'><\/div><figure class='av-inner-masonry main_color'><div class=\"av-masonry-outerimage-container\"><div class='av-masonry-image-container'  ><img decoding=\"async\" width=\"705\" height=\"529\" fetchpriority=\"high\" class=\"wp-image-7277 avia-img-lazy-loading-not-7277\"  src=\"https:\/\/palusalusk.ee\/wp-content\/uploads\/2016\/08\/DSC05710-705x529.jpg\" title=\"DSC05710\" alt=\"\" srcset=\"https:\/\/palusalusk.ee\/wp-content\/uploads\/2016\/08\/DSC05710-705x529.jpg 705w, https:\/\/palusalusk.ee\/wp-content\/uploads\/2016\/08\/DSC05710-300x225.jpg 300w, https:\/\/palusalusk.ee\/wp-content\/uploads\/2016\/08\/DSC05710-1030x773.jpg 1030w, https:\/\/palusalusk.ee\/wp-content\/uploads\/2016\/08\/DSC05710.jpg 1920w\" sizes=\"(max-width: 705px) 100vw, 705px\" \/><\/div><\/div><\/figure><\/a><!--end av-masonry entry--><a href=\"https:\/\/palusalusk.ee\/wp-content\/uploads\/2016\/08\/DSC05433-1030x773.jpg\" data-srcset=\"https:\/\/palusalusk.ee\/wp-content\/uploads\/2016\/08\/DSC05433-1030x773.jpg 1030w, https:\/\/palusalusk.ee\/wp-content\/uploads\/2016\/08\/DSC05433-300x225.jpg 300w, https:\/\/palusalusk.ee\/wp-content\/uploads\/2016\/08\/DSC05433-705x529.jpg 705w, https:\/\/palusalusk.ee\/wp-content\/uploads\/2016\/08\/DSC05433.jpg 1920w\" data-sizes=\"(max-width: 1030px) 100vw, 1030px\"  aria-label=\"image DSC05433\"  id='av-masonry-1-item-7144' data-av-masonry-item='7144' class='av-masonry-entry isotope-item post-7144 attachment type-attachment status-inherit hentry  av-masonry-item-with-image' title=\"DSC05433\" alt=\"\"    itemprop=\"thumbnailUrl\" ><div class='av-inner-masonry-sizer'><\/div><figure class='av-inner-masonry main_color'><div class=\"av-masonry-outerimage-container\"><div class='av-masonry-image-container'  ><img decoding=\"async\" width=\"705\" height=\"529\" fetchpriority=\"high\" class=\"wp-image-7144 avia-img-lazy-loading-not-7144\"  src=\"https:\/\/palusalusk.ee\/wp-content\/uploads\/2016\/08\/DSC05433-705x529.jpg\" title=\"DSC05433\" alt=\"\" srcset=\"https:\/\/palusalusk.ee\/wp-content\/uploads\/2016\/08\/DSC05433-705x529.jpg 705w, https:\/\/palusalusk.ee\/wp-content\/uploads\/2016\/08\/DSC05433-300x225.jpg 300w, https:\/\/palusalusk.ee\/wp-content\/uploads\/2016\/08\/DSC05433-1030x773.jpg 1030w, https:\/\/palusalusk.ee\/wp-content\/uploads\/2016\/08\/DSC05433.jpg 1920w\" sizes=\"(max-width: 705px) 100vw, 705px\" \/><\/div><\/div><\/figure><\/a><!--end av-masonry entry--><a href=\"https:\/\/palusalusk.ee\/wp-content\/uploads\/2016\/08\/DSC05425-1030x773.jpg\" data-srcset=\"https:\/\/palusalusk.ee\/wp-content\/uploads\/2016\/08\/DSC05425-1030x773.jpg 1030w, https:\/\/palusalusk.ee\/wp-content\/uploads\/2016\/08\/DSC05425-300x225.jpg 300w, https:\/\/palusalusk.ee\/wp-content\/uploads\/2016\/08\/DSC05425-705x529.jpg 705w, https:\/\/palusalusk.ee\/wp-content\/uploads\/2016\/08\/DSC05425.jpg 1920w\" data-sizes=\"(max-width: 1030px) 100vw, 1030px\"  aria-label=\"image DSC05425\"  id='av-masonry-1-item-7139' data-av-masonry-item='7139' class='av-masonry-entry isotope-item post-7139 attachment type-attachment status-inherit hentry  av-masonry-item-with-image' title=\"DSC05425\" alt=\"\"    itemprop=\"thumbnailUrl\" ><div class='av-inner-masonry-sizer'><\/div><figure class='av-inner-masonry main_color'><div class=\"av-masonry-outerimage-container\"><div class='av-masonry-image-container'  ><img decoding=\"async\" width=\"705\" height=\"529\" fetchpriority=\"high\" class=\"wp-image-7139 avia-img-lazy-loading-not-7139\"  src=\"https:\/\/palusalusk.ee\/wp-content\/uploads\/2016\/08\/DSC05425-705x529.jpg\" title=\"DSC05425\" alt=\"\" srcset=\"https:\/\/palusalusk.ee\/wp-content\/uploads\/2016\/08\/DSC05425-705x529.jpg 705w, https:\/\/palusalusk.ee\/wp-content\/uploads\/2016\/08\/DSC05425-300x225.jpg 300w, https:\/\/palusalusk.ee\/wp-content\/uploads\/2016\/08\/DSC05425-1030x773.jpg 1030w, https:\/\/palusalusk.ee\/wp-content\/uploads\/2016\/08\/DSC05425.jpg 1920w\" sizes=\"(max-width: 705px) 100vw, 705px\" \/><\/div><\/div><\/figure><\/a><!--end av-masonry entry--><\/div><\/div><\/div>\n<input class=\"fooboxshare_post_id\" type=\"hidden\" value=\"3244\"\/>","protected":false},"excerpt":{"rendered":"","protected":false},"author":1,"featured_media":0,"parent":0,"menu_order":12,"comment_status":"closed","ping_status":"closed","template":"","meta":{"footnotes":""},"class_list":["post-3244","page","type-page","status-publish","hentry"],"yoast_head":"<!-- This site is optimized with the Yoast SEO plugin v27.4 - https:\/\/yoast.com\/product\/yoast-seo-wordpress\/ -->\n<title>Klubist - Kristjan Palusalu Spordiklubi<\/title>\n<meta name=\"robots\" content=\"index, follow, max-snippet:-1, max-image-preview:large, max-video-preview:-1\" \/>\n<link rel=\"canonical\" href=\"https:\/\/palusalusk.ee\/en\/klubist\/\" \/>\n<meta property=\"og:locale\" content=\"en_US\" \/>\n<meta property=\"og:type\" content=\"article\" \/>\n<meta property=\"og:title\" content=\"Klubist - Kristjan Palusalu Spordiklubi\" \/>\n<meta property=\"og:url\" content=\"https:\/\/palusalusk.ee\/en\/klubist\/\" \/>\n<meta property=\"og:site_name\" content=\"Kristjan Palusalu Spordiklubi\" \/>\n<meta property=\"article:modified_time\" content=\"2016-11-14T07:16:03+00:00\" \/>\n<meta property=\"og:image\" content=\"https:\/\/palusalusk.ee\/wp-content\/uploads\/2020\/08\/Palusalu_SK_uus-Suur-V\u00e4lireklaam.jpg\" \/>\n\t<meta property=\"og:image:width\" content=\"1299\" \/>\n\t<meta property=\"og:image:height\" content=\"651\" \/>\n\t<meta property=\"og:image:type\" content=\"image\/jpeg\" \/>\n<meta name=\"twitter:label1\" content=\"Est. reading time\" \/>\n\t<meta name=\"twitter:data1\" content=\"1 minute\" \/>\n<script type=\"application\/ld+json\" class=\"yoast-schema-graph\">{\"@context\":\"https:\\\/\\\/schema.org\",\"@graph\":[{\"@type\":\"WebPage\",\"@id\":\"https:\\\/\\\/palusalusk.ee\\\/klubist\\\/\",\"url\":\"https:\\\/\\\/palusalusk.ee\\\/klubist\\\/\",\"name\":\"Klubist - Kristjan Palusalu Spordiklubi\",\"isPartOf\":{\"@id\":\"https:\\\/\\\/palusalusk.ee\\\/#website\"},\"datePublished\":\"2014-03-30T09:06:12+00:00\",\"dateModified\":\"2016-11-14T07:16:03+00:00\",\"breadcrumb\":{\"@id\":\"https:\\\/\\\/palusalusk.ee\\\/klubist\\\/#breadcrumb\"},\"inLanguage\":\"en-US\",\"potentialAction\":[{\"@type\":\"ReadAction\",\"target\":[\"https:\\\/\\\/palusalusk.ee\\\/klubist\\\/\"]}]},{\"@type\":\"BreadcrumbList\",\"@id\":\"https:\\\/\\\/palusalusk.ee\\\/klubist\\\/#breadcrumb\",\"itemListElement\":[{\"@type\":\"ListItem\",\"position\":1,\"name\":\"Home\",\"item\":\"https:\\\/\\\/palusalusk.ee\\\/avaleht\\\/\"},{\"@type\":\"ListItem\",\"position\":2,\"name\":\"Klubist\"}]},{\"@type\":\"WebSite\",\"@id\":\"https:\\\/\\\/palusalusk.ee\\\/#website\",\"url\":\"https:\\\/\\\/palusalusk.ee\\\/\",\"name\":\"Kristjan Palusalu Spordiklubi\",\"description\":\"J\u00e4rjekordne WordPressi veebileht\",\"potentialAction\":[{\"@type\":\"SearchAction\",\"target\":{\"@type\":\"EntryPoint\",\"urlTemplate\":\"https:\\\/\\\/palusalusk.ee\\\/?s={search_term_string}\"},\"query-input\":{\"@type\":\"PropertyValueSpecification\",\"valueRequired\":true,\"valueName\":\"search_term_string\"}}],\"inLanguage\":\"en-US\"}]}<\/script>\n<!-- \/ Yoast SEO plugin. -->","yoast_head_json":{"title":"Klubist - Kristjan Palusalu Spordiklubi","robots":{"index":"index","follow":"follow","max-snippet":"max-snippet:-1","max-image-preview":"max-image-preview:large","max-video-preview":"max-video-preview:-1"},"canonical":"https:\/\/palusalusk.ee\/en\/klubist\/","og_locale":"en_US","og_type":"article","og_title":"Klubist - Kristjan Palusalu Spordiklubi","og_url":"https:\/\/palusalusk.ee\/en\/klubist\/","og_site_name":"Kristjan Palusalu Spordiklubi","article_modified_time":"2016-11-14T07:16:03+00:00","og_image":[{"width":1299,"height":651,"url":"https:\/\/palusalusk.ee\/wp-content\/uploads\/2020\/08\/Palusalu_SK_uus-Suur-V\u00e4lireklaam.jpg","type":"image\/jpeg"}],"twitter_misc":{"Est. reading time":"1 minute"},"schema":{"@context":"https:\/\/schema.org","@graph":[{"@type":"WebPage","@id":"https:\/\/palusalusk.ee\/klubist\/","url":"https:\/\/palusalusk.ee\/klubist\/","name":"Klubist - Kristjan Palusalu Spordiklubi","isPartOf":{"@id":"https:\/\/palusalusk.ee\/#website"},"datePublished":"2014-03-30T09:06:12+00:00","dateModified":"2016-11-14T07:16:03+00:00","breadcrumb":{"@id":"https:\/\/palusalusk.ee\/klubist\/#breadcrumb"},"inLanguage":"en-US","potentialAction":[{"@type":"ReadAction","target":["https:\/\/palusalusk.ee\/klubist\/"]}]},{"@type":"BreadcrumbList","@id":"https:\/\/palusalusk.ee\/klubist\/#breadcrumb","itemListElement":[{"@type":"ListItem","position":1,"name":"Home","item":"https:\/\/palusalusk.ee\/avaleht\/"},{"@type":"ListItem","position":2,"name":"Klubist"}]},{"@type":"WebSite","@id":"https:\/\/palusalusk.ee\/#website","url":"https:\/\/palusalusk.ee\/","name":"Kristjan Palusalu Spordiklubi","description":"J\u00e4rjekordne WordPressi veebileht","potentialAction":[{"@type":"SearchAction","target":{"@type":"EntryPoint","urlTemplate":"https:\/\/palusalusk.ee\/?s={search_term_string}"},"query-input":{"@type":"PropertyValueSpecification","valueRequired":true,"valueName":"search_term_string"}}],"inLanguage":"en-US"}]}},"_links":{"self":[{"href":"https:\/\/palusalusk.ee\/en\/wp-json\/wp\/v2\/pages\/3244","targetHints":{"allow":["GET"]}}],"collection":[{"href":"https:\/\/palusalusk.ee\/en\/wp-json\/wp\/v2\/pages"}],"about":[{"href":"https:\/\/palusalusk.ee\/en\/wp-json\/wp\/v2\/types\/page"}],"author":[{"embeddable":true,"href":"https:\/\/palusalusk.ee\/en\/wp-json\/wp\/v2\/users\/1"}],"replies":[{"embeddable":true,"href":"https:\/\/palusalusk.ee\/en\/wp-json\/wp\/v2\/comments?post=3244"}],"version-history":[{"count":9,"href":"https:\/\/palusalusk.ee\/en\/wp-json\/wp\/v2\/pages\/3244\/revisions"}],"predecessor-version":[{"id":7431,"href":"https:\/\/palusalusk.ee\/en\/wp-json\/wp\/v2\/pages\/3244\/revisions\/7431"}],"wp:attachment":[{"href":"https:\/\/palusalusk.ee\/en\/wp-json\/wp\/v2\/media?parent=3244"}],"curies":[{"name":"wp","href":"https:\/\/api.w.org\/{rel}","templated":true}]}}