{"id":117,"date":"2013-07-25T10:15:28","date_gmt":"2013-07-25T10:15:28","guid":{"rendered":"http:\/\/copy.cro.ma\/sport\/?page_id=117"},"modified":"2016-11-14T09:16:04","modified_gmt":"2016-11-14T07:16:04","slug":"treeningute-ajad","status":"publish","type":"page","link":"https:\/\/palusalusk.ee\/en\/treeningute-ajad\/","title":{"rendered":"Treeningute ajad"},"content":{"rendered":"<div id='layer_slider_1'  class='avia-layerslider main_color avia-shadow  avia-builder-el-0  el_before_av_heading  avia-builder-el-first  container_wrap sidebar_right'  style='height: 351px;'  ><\/div><div id='after_layer_slider_1'  class='main_color av_default_container_wrap container_wrap sidebar_right'  ><div class='container av-section-cont-open' ><div class='template-page content  av-content-small alpha units'><div class='post-entry post-entry-type-page post-entry-117'><div class='entry-content-wrapper clearfix'>\n\n<style type=\"text\/css\" data-created_by=\"avia_inline_auto\" id=\"style-css-av-av_heading-5b89c8e1f0c0bae1494da9cc62bb50ae\">\n#top .av-special-heading.av-av_heading-5b89c8e1f0c0bae1494da9cc62bb50ae{\npadding-bottom:10px;\n}\nbody .av-special-heading.av-av_heading-5b89c8e1f0c0bae1494da9cc62bb50ae .av-special-heading-tag .heading-char{\nfont-size:25px;\n}\n.av-special-heading.av-av_heading-5b89c8e1f0c0bae1494da9cc62bb50ae .av-subheading{\nfont-size:15px;\n}\n<\/style>\n<div  class='av-special-heading av-av_heading-5b89c8e1f0c0bae1494da9cc62bb50ae av-special-heading-h2  avia-builder-el-1  el_after_av_layerslider  el_before_av_table  avia-builder-el-first'><h2 class='av-special-heading-tag'  itemprop=\"headline\"  >V\u00f5rkpall<\/h2><div class=\"special-heading-border\"><div class=\"special-heading-inner-border\"><\/div><\/div><\/div>\n<div class='avia-data-table-wrap av-av_table-3ecf8e5ba0cda3935843a04ca6dcc005 avia_responsive_table avia-table-1'><table  class='avia-table avia-data-table avia_pricing_default  avia-builder-el-2  el_after_av_heading  el_before_av_heading'  itemscope=\"itemscope\" itemtype=\"https:\/\/schema.org\/Table\" ><caption>V\u00f5rkpalli treeningud<\/caption><tbody><tr class='avia-heading-row'><th class=''>Esmasp\u00e4ev<\/th><th class=''>Teisip\u00e4ev<\/th><th class=''>Kolmap\u00e4ev<\/th><th class=''>Neljap\u00e4ev<\/th><th class=''>Reede<\/th><\/tr><tr class=''><td class=''>T\u00fctarlaste v\u00f5rkpall &#8217;00 s\u00fcndinutele. Tallinna Arte G\u00fcmnaasiumis<\/p>\n<p>kell 16:00<\/td><td class=''>T\u00fctarlaste v\u00f5rkpall &#8217;00 s\u00fcndinutele. Tallinna Arte G\u00fcmnaasiumis<\/p>\n<p>kell 16:00<\/td><td class=''>T\u00fctarlaste v\u00f5rkpall &#8217;00 s\u00fcndinutele. Tallinna Arte G\u00fcmnaasiumis<\/p>\n<p>kell 16:00<\/td><td class=''>T\u00fctarlaste v\u00f5rkpall &#8217;00 s\u00fcndinutele. Tallinna Arte G\u00fcmnaasiumis<\/p>\n<p>kell 16:00<\/td><td class=''>T\u00fctarlaste v\u00f5rkpall &#8217;00 s\u00fcndinutele. Tallinna Arte G\u00fcmnaasiumis<\/p>\n<p>kell 16:00<\/td><\/tr><tr class=''><td class=''>T\u00fctarlaste v\u00f5rkpall &#8217;01 s\u00fcndinuele. Tallinna Laagna G\u00fcmnaasiumis kell 17:00<\/td><td class=''>T\u00fctarlaste v\u00f5rkpall &#8217;01 s\u00fcndinuele. Tallinna Laagna G\u00fcmnaasiumis kell 17:00<\/td><td class=''>T\u00fctarlaste v\u00f5rkpall &#8217;01 s\u00fcndinuele. Tallinna Laagna G\u00fcmnaasiumis kell 17:00<\/td><td class=''>T\u00fctarlaste v\u00f5rkpall &#8217;01 s\u00fcndinuele. Tallinna Laagna G\u00fcmnaasiumis kell 17:00<\/td><td class=''>T\u00fctarlaste v\u00f5rkpall &#8217;01 s\u00fcndinuele. Tallinna Laagna G\u00fcmnaasiumis kell 17:00<\/td><\/tr><tr class=''><td class=''><\/td><td class=''><\/td><td class=''><\/td><td class=''><\/td><td class=''><\/td><\/tr><\/tbody><\/table><\/div><style type='text\/css'>.avia-table-1 td:nth-of-type(1):before { content: 'Esmasp\u00e4ev'; } .avia-table-1 td:nth-of-type(2):before { content: 'Teisip\u00e4ev'; } .avia-table-1 td:nth-of-type(3):before { content: 'Kolmap\u00e4ev'; } .avia-table-1 td:nth-of-type(4):before { content: 'Neljap\u00e4ev'; } .avia-table-1 td:nth-of-type(5):before { content: 'Reede'; } <\/style>\n\n<style type=\"text\/css\" data-created_by=\"avia_inline_auto\" id=\"style-css-av-av_heading-dc1f1beee8e0e8a17ed15e050511c999\">\n#top .av-special-heading.av-av_heading-dc1f1beee8e0e8a17ed15e050511c999{\npadding-bottom:10px;\n}\nbody .av-special-heading.av-av_heading-dc1f1beee8e0e8a17ed15e050511c999 .av-special-heading-tag .heading-char{\nfont-size:25px;\n}\n.av-special-heading.av-av_heading-dc1f1beee8e0e8a17ed15e050511c999 .av-subheading{\nfont-size:15px;\n}\n<\/style>\n<div  class='av-special-heading av-av_heading-dc1f1beee8e0e8a17ed15e050511c999 av-special-heading-h2  avia-builder-el-3  el_after_av_table  el_before_av_table'><h2 class='av-special-heading-tag'  itemprop=\"headline\"  >Ujumine<\/h2><div class=\"special-heading-border\"><div class=\"special-heading-inner-border\"><\/div><\/div><\/div>\n<div class='avia-data-table-wrap av-av_table-5686ebe7773b22d87a8ba55392a58e8e avia_responsive_table avia-table-2'><table  class='avia-table avia-data-table avia_pricing_default  avia-builder-el-4  el_after_av_heading  avia-builder-el-last'  itemscope=\"itemscope\" itemtype=\"https:\/\/schema.org\/Table\" ><caption>Ujumis treeningud<\/caption><tbody><tr class='avia-heading-row'><th class=''>Esmasp\u00e4ev<\/th><th class=''>Teisip\u00e4ev<\/th><th class=''>Kolmap\u00e4ev<\/th><th class=''>Neljap\u00e4ev<\/th><th class=''>Reede<\/th><\/tr><tr class=''><td class=''>T\u00fctarlaste v\u00f5rkpall &#8217;00 s\u00fcndinutele. Tallinna Arte G\u00fcmnaasiumis<\/p>\n<p>kell 16:00<\/td><td class=''>T\u00fctarlaste v\u00f5rkpall &#8217;00 s\u00fcndinutele. Tallinna Arte G\u00fcmnaasiumis<\/p>\n<p>kell 16:00<\/td><td class=''>T\u00fctarlaste v\u00f5rkpall &#8217;00 s\u00fcndinutele. Tallinna Arte G\u00fcmnaasiumis<\/p>\n<p>kell 16:00<\/td><td class=''>T\u00fctarlaste v\u00f5rkpall &#8217;00 s\u00fcndinutele. Tallinna Arte G\u00fcmnaasiumis<\/p>\n<p>kell 16:00<\/td><td class=''>T\u00fctarlaste v\u00f5rkpall &#8217;00 s\u00fcndinutele. Tallinna Arte G\u00fcmnaasiumis<\/p>\n<p>kell 16:00<\/td><\/tr><tr class=''><td class=''>T\u00fctarlaste v\u00f5rkpall &#8217;01 s\u00fcndinuele. Tallinna Laagna G\u00fcmnaasiumis kell 17:00<\/td><td class=''>T\u00fctarlaste v\u00f5rkpall &#8217;01 s\u00fcndinuele. Tallinna Laagna G\u00fcmnaasiumis kell 17:00<\/td><td class=''>T\u00fctarlaste v\u00f5rkpall &#8217;01 s\u00fcndinuele. Tallinna Laagna G\u00fcmnaasiumis kell 17:00<\/td><td class=''>T\u00fctarlaste v\u00f5rkpall &#8217;01 s\u00fcndinuele. Tallinna Laagna G\u00fcmnaasiumis kell 17:00<\/td><td class=''>T\u00fctarlaste v\u00f5rkpall &#8217;01 s\u00fcndinuele. Tallinna Laagna G\u00fcmnaasiumis kell 17:00<\/td><\/tr><tr class=''><td class=''><\/td><td class=''><\/td><td class=''><\/td><td class=''><\/td><td class=''><\/td><\/tr><\/tbody><\/table><\/div><style type='text\/css'>.avia-table-2 td:nth-of-type(1):before { content: 'Esmasp\u00e4ev'; } .avia-table-2 td:nth-of-type(2):before { content: 'Teisip\u00e4ev'; } .avia-table-2 td:nth-of-type(3):before { content: 'Kolmap\u00e4ev'; } .avia-table-2 td:nth-of-type(4):before { content: 'Neljap\u00e4ev'; } .avia-table-2 td:nth-of-type(5):before { content: 'Reede'; } <\/style>\n<input class=\"fooboxshare_post_id\" type=\"hidden\" value=\"117\"\/>","protected":false},"excerpt":{"rendered":"","protected":false},"author":1,"featured_media":0,"parent":0,"menu_order":23,"comment_status":"open","ping_status":"open","template":"","meta":{"footnotes":""},"class_list":["post-117","page","type-page","status-publish","hentry"],"yoast_head":"<!-- This site is optimized with the Yoast SEO plugin v27.5 - https:\/\/yoast.com\/product\/yoast-seo-wordpress\/ -->\n<title>Treeningute ajad - Kristjan Palusalu Spordiklubi<\/title>\n<meta name=\"robots\" content=\"index, follow, max-snippet:-1, max-image-preview:large, max-video-preview:-1\" \/>\n<link rel=\"canonical\" href=\"https:\/\/palusalusk.ee\/en\/treeningute-ajad\/\" \/>\n<meta property=\"og:locale\" content=\"en_US\" \/>\n<meta property=\"og:type\" content=\"article\" \/>\n<meta property=\"og:title\" content=\"Treeningute ajad - Kristjan Palusalu Spordiklubi\" \/>\n<meta property=\"og:url\" content=\"https:\/\/palusalusk.ee\/en\/treeningute-ajad\/\" \/>\n<meta property=\"og:site_name\" content=\"Kristjan Palusalu Spordiklubi\" \/>\n<meta property=\"article:modified_time\" content=\"2016-11-14T07:16:04+00:00\" \/>\n<meta property=\"og:image\" content=\"https:\/\/palusalusk.ee\/wp-content\/uploads\/2020\/08\/Palusalu_SK_uus-Suur-V\u00e4lireklaam.jpg\" \/>\n\t<meta property=\"og:image:width\" content=\"1299\" \/>\n\t<meta property=\"og:image:height\" content=\"651\" \/>\n\t<meta property=\"og:image:type\" content=\"image\/jpeg\" \/>\n<meta name=\"twitter:label1\" content=\"Est. reading time\" \/>\n\t<meta name=\"twitter:data1\" content=\"3 minutes\" \/>\n<script type=\"application\/ld+json\" class=\"yoast-schema-graph\">{\"@context\":\"https:\\\/\\\/schema.org\",\"@graph\":[{\"@type\":\"WebPage\",\"@id\":\"https:\\\/\\\/palusalusk.ee\\\/treeningute-ajad\\\/\",\"url\":\"https:\\\/\\\/palusalusk.ee\\\/treeningute-ajad\\\/\",\"name\":\"Treeningute ajad - Kristjan Palusalu Spordiklubi\",\"isPartOf\":{\"@id\":\"https:\\\/\\\/palusalusk.ee\\\/#website\"},\"datePublished\":\"2013-07-25T10:15:28+00:00\",\"dateModified\":\"2016-11-14T07:16:04+00:00\",\"breadcrumb\":{\"@id\":\"https:\\\/\\\/palusalusk.ee\\\/treeningute-ajad\\\/#breadcrumb\"},\"inLanguage\":\"en-US\",\"potentialAction\":[{\"@type\":\"ReadAction\",\"target\":[\"https:\\\/\\\/palusalusk.ee\\\/treeningute-ajad\\\/\"]}]},{\"@type\":\"BreadcrumbList\",\"@id\":\"https:\\\/\\\/palusalusk.ee\\\/treeningute-ajad\\\/#breadcrumb\",\"itemListElement\":[{\"@type\":\"ListItem\",\"position\":1,\"name\":\"Home\",\"item\":\"https:\\\/\\\/palusalusk.ee\\\/avaleht\\\/\"},{\"@type\":\"ListItem\",\"position\":2,\"name\":\"Treeningute ajad\"}]},{\"@type\":\"WebSite\",\"@id\":\"https:\\\/\\\/palusalusk.ee\\\/#website\",\"url\":\"https:\\\/\\\/palusalusk.ee\\\/\",\"name\":\"Kristjan Palusalu Spordiklubi\",\"description\":\"J\u00e4rjekordne WordPressi veebileht\",\"potentialAction\":[{\"@type\":\"SearchAction\",\"target\":{\"@type\":\"EntryPoint\",\"urlTemplate\":\"https:\\\/\\\/palusalusk.ee\\\/?s={search_term_string}\"},\"query-input\":{\"@type\":\"PropertyValueSpecification\",\"valueRequired\":true,\"valueName\":\"search_term_string\"}}],\"inLanguage\":\"en-US\"}]}<\/script>\n<!-- \/ Yoast SEO plugin. -->","yoast_head_json":{"title":"Treeningute ajad - Kristjan Palusalu Spordiklubi","robots":{"index":"index","follow":"follow","max-snippet":"max-snippet:-1","max-image-preview":"max-image-preview:large","max-video-preview":"max-video-preview:-1"},"canonical":"https:\/\/palusalusk.ee\/en\/treeningute-ajad\/","og_locale":"en_US","og_type":"article","og_title":"Treeningute ajad - Kristjan Palusalu Spordiklubi","og_url":"https:\/\/palusalusk.ee\/en\/treeningute-ajad\/","og_site_name":"Kristjan Palusalu Spordiklubi","article_modified_time":"2016-11-14T07:16:04+00:00","og_image":[{"width":1299,"height":651,"url":"https:\/\/palusalusk.ee\/wp-content\/uploads\/2020\/08\/Palusalu_SK_uus-Suur-V\u00e4lireklaam.jpg","type":"image\/jpeg"}],"twitter_misc":{"Est. reading time":"3 minutes"},"schema":{"@context":"https:\/\/schema.org","@graph":[{"@type":"WebPage","@id":"https:\/\/palusalusk.ee\/treeningute-ajad\/","url":"https:\/\/palusalusk.ee\/treeningute-ajad\/","name":"Treeningute ajad - Kristjan Palusalu Spordiklubi","isPartOf":{"@id":"https:\/\/palusalusk.ee\/#website"},"datePublished":"2013-07-25T10:15:28+00:00","dateModified":"2016-11-14T07:16:04+00:00","breadcrumb":{"@id":"https:\/\/palusalusk.ee\/treeningute-ajad\/#breadcrumb"},"inLanguage":"en-US","potentialAction":[{"@type":"ReadAction","target":["https:\/\/palusalusk.ee\/treeningute-ajad\/"]}]},{"@type":"BreadcrumbList","@id":"https:\/\/palusalusk.ee\/treeningute-ajad\/#breadcrumb","itemListElement":[{"@type":"ListItem","position":1,"name":"Home","item":"https:\/\/palusalusk.ee\/avaleht\/"},{"@type":"ListItem","position":2,"name":"Treeningute ajad"}]},{"@type":"WebSite","@id":"https:\/\/palusalusk.ee\/#website","url":"https:\/\/palusalusk.ee\/","name":"Kristjan Palusalu Spordiklubi","description":"J\u00e4rjekordne WordPressi veebileht","potentialAction":[{"@type":"SearchAction","target":{"@type":"EntryPoint","urlTemplate":"https:\/\/palusalusk.ee\/?s={search_term_string}"},"query-input":{"@type":"PropertyValueSpecification","valueRequired":true,"valueName":"search_term_string"}}],"inLanguage":"en-US"}]}},"_links":{"self":[{"href":"https:\/\/palusalusk.ee\/en\/wp-json\/wp\/v2\/pages\/117","targetHints":{"allow":["GET"]}}],"collection":[{"href":"https:\/\/palusalusk.ee\/en\/wp-json\/wp\/v2\/pages"}],"about":[{"href":"https:\/\/palusalusk.ee\/en\/wp-json\/wp\/v2\/types\/page"}],"author":[{"embeddable":true,"href":"https:\/\/palusalusk.ee\/en\/wp-json\/wp\/v2\/users\/1"}],"replies":[{"embeddable":true,"href":"https:\/\/palusalusk.ee\/en\/wp-json\/wp\/v2\/comments?post=117"}],"version-history":[{"count":8,"href":"https:\/\/palusalusk.ee\/en\/wp-json\/wp\/v2\/pages\/117\/revisions"}],"predecessor-version":[{"id":3252,"href":"https:\/\/palusalusk.ee\/en\/wp-json\/wp\/v2\/pages\/117\/revisions\/3252"}],"wp:attachment":[{"href":"https:\/\/palusalusk.ee\/en\/wp-json\/wp\/v2\/media?parent=117"}],"curies":[{"name":"wp","href":"https:\/\/api.w.org\/{rel}","templated":true}]}}